{"id":9569,"date":"2021-03-05T12:11:26","date_gmt":"2021-03-05T11:11:26","guid":{"rendered":"https:\/\/dolphinexcursions.eu\/allogio\/"},"modified":"2021-03-25T15:46:52","modified_gmt":"2021-03-25T14:46:52","slug":"ubytovanie","status":"publish","type":"page","link":"https:\/\/dolphinexcursions.eu\/sk\/ubytovanie\/","title":{"rendered":"Ubytovanie"},"content":{"rendered":"<p>[vc_row el_id=&#8220;main&#8220;][vc_column]<div class=\"headings-title \"><div class=\"mb70 mb-xs-40 text-center\"><h5  class=\"widgettitle\">Ubytovanie<\/h5><div class=\"divider-wrap\"><div class=\"tlg-divider \" style=\"\"><\/div><\/div><div  class=\"widgetsubtitle\">Dolphin Excursions<\/div><\/div><\/div>[vc_row_inner][vc_column_inner width=&#8220;1\/2&#8243;]<div class=\" image-captions\"><a href= \"http:\/\/www.novalja-pag.net\/hr\/162\/kustici\/apartmani_silvana.html\" target='_blank' ><div class=\"image-caption overlay-caption visible-caption\"><img width=\"1200\" height=\"1060\" src=\"https:\/\/dolphinexcursions.eu\/wp-content\/uploads\/2021\/03\/314.jpg\" class=\"attachment-full size-full\" alt=\"\" decoding=\"async\" loading=\"lazy\" srcset=\"https:\/\/dolphinexcursions.eu\/wp-content\/uploads\/2021\/03\/314.jpg 1200w, https:\/\/dolphinexcursions.eu\/wp-content\/uploads\/2021\/03\/314-300x265.jpg 300w, https:\/\/dolphinexcursions.eu\/wp-content\/uploads\/2021\/03\/314-1024x905.jpg 1024w, https:\/\/dolphinexcursions.eu\/wp-content\/uploads\/2021\/03\/314-768x678.jpg 768w\" sizes=\"(max-width: 1200px) 100vw, 1200px\" \/><div style=\"background-color:#31aafe;\" class=\"caption\"><h5  class=\"widgettitle mb0\">Apartmani Silvana<\/h5><div  class=\"widgetsubtitle\"><\/div><span class=\"btn--icon\">Viac inform\u00e1ci\u00ed<i class=\"ti-angle-right\"><\/i><\/span><\/div><\/div><\/a><\/div>[\/vc_column_inner][vc_column_inner width=&#8220;1\/2&#8243;]<div class=\" image-captions\"><a href= \"https:\/\/www.visit-pag.com\/villa-tomi-vidalici\" target='_blank' ><div class=\"image-caption overlay-caption visible-caption\"><img width=\"1200\" height=\"1060\" src=\"https:\/\/dolphinexcursions.eu\/wp-content\/uploads\/2021\/03\/vila.jpg\" class=\"attachment-full size-full\" alt=\"\" decoding=\"async\" loading=\"lazy\" srcset=\"https:\/\/dolphinexcursions.eu\/wp-content\/uploads\/2021\/03\/vila.jpg 1200w, https:\/\/dolphinexcursions.eu\/wp-content\/uploads\/2021\/03\/vila-300x265.jpg 300w, https:\/\/dolphinexcursions.eu\/wp-content\/uploads\/2021\/03\/vila-1024x905.jpg 1024w, https:\/\/dolphinexcursions.eu\/wp-content\/uploads\/2021\/03\/vila-768x678.jpg 768w\" sizes=\"(max-width: 1200px) 100vw, 1200px\" \/><div style=\"background-color:#31aafe;\" class=\"caption\"><h5  class=\"widgettitle mb0\">Villa Tomi<\/h5><div  class=\"widgetsubtitle\"><\/div><span class=\"btn--icon\">Viac inform\u00e1ci\u00ed<i class=\"ti-angle-right\"><\/i><\/span><\/div><\/div><\/a><\/div>[\/vc_column_inner][\/vc_row_inner]<div class=\"tlg-spacer  \" data-height=\"25\" data-height-tablet=\"25\" data-height-mobile=\"25\" style=\"clear:both;display:block;height:25px;\"><\/div>[vc_column_text]<span style=\"color: #000000;\"><strong>Partneri<\/strong><\/span><\/p>\n<ul>\n<li><a href=\"https:\/\/www.ferienhausmarkt.com\/\" target=\"_blank\" rel=\"noopener\">Ferienhausmarkt.com<\/a><\/li>\n<li><a href=\"https:\/\/www.htz.hr\/en-GB\" target=\"_blank\" rel=\"noopener\">HTZ<\/a><\/li>\n<li><a href=\"https:\/\/www.pensionen-weltweit.de\/\" target=\"_blank\" rel=\"noopener\">Pensionen-weltweit.de<\/a><\/li>\n<li><a href=\"https:\/\/www.ferienhausmiete.de\/\" target=\"_blank\" rel=\"noopener\">Ferienhausmiete.de<\/a><\/li>\n<\/ul>\n<p>[\/vc_column_text][\/vc_column][\/vc_row][vc_row][vc_column]<div class=\"headings-title \"><div class=\"mb70 mb-xs-40 text-center\"><h5  class=\"widgettitle\">Gal\u00e9ria<\/h5><\/div><\/div>[vc_column_text]<\/p>\n<div><ul class=\"masonry-flip masonry-flip-photoswipe flip-photoswipe-center effect-scale\" id=\"masonry-flip\"><li class=\"project flip-column-3\">\n\t\t    \t    \t\t\t\t\t<a href=\"https:\/\/dolphinexcursions.eu\/wp-content\/uploads\/2021\/02\/izlet-1-1.jpg\" data-size=\"1152x864\">\n\t\t\t\t\t\t\t\t\t\t\t<div class=\"image-box zoom-hover hover-meta text-center\">\n\t\t\t\t\t\t\t\t\t\t\t    <img src=\"https:\/\/dolphinexcursions.eu\/wp-content\/uploads\/2021\/02\/izlet-1-1.jpg\" alt=\"gallery-item\" \/>\n\t\t\t\t\t\t\t\t\t\t\t    <span class=\"overlay-default\"><\/span>\n\t\t\t\t\t\t\t\t\t\t\t    <div class=\"meta-caption\">\n\t\t\t\t\t\t\t\t\t\t\t    \t<h3 class=\"color-white to-top mb0 bold\"><\/h3>\n\t\t\t\t\t\t\t\t\t\t\t    \t<h4 class=\"color-white to-top-after\"><\/h4>\n\t\t\t\t\t\t\t\t\t\t\t    \t<i class=\"ti-search circled-icon to-top-after-after\"><\/i>\n\t\t\t\t\t\t\t\t\t\t\t    <\/div>\n\t\t\t\t\t\t\t\t\t\t\t<\/div>\n\t\t\t\t\t\t\t\t\t\t<\/a>\n\t\t\t\t\t\t\t\t\t\t<figcaption><\/figcaption>\n\t\t\t\t\t\t\t\t\t<\/li><li class=\"project flip-column-3\">\n\t\t    \t    \t\t\t\t\t<a href=\"https:\/\/dolphinexcursions.eu\/wp-content\/uploads\/2021\/02\/izlet-1-2.jpg\" data-size=\"1152x864\">\n\t\t\t\t\t\t\t\t\t\t\t<div class=\"image-box zoom-hover hover-meta text-center\">\n\t\t\t\t\t\t\t\t\t\t\t    <img src=\"https:\/\/dolphinexcursions.eu\/wp-content\/uploads\/2021\/02\/izlet-1-2.jpg\" alt=\"gallery-item\" \/>\n\t\t\t\t\t\t\t\t\t\t\t    <span class=\"overlay-default\"><\/span>\n\t\t\t\t\t\t\t\t\t\t\t    <div class=\"meta-caption\">\n\t\t\t\t\t\t\t\t\t\t\t    \t<h3 class=\"color-white to-top mb0 bold\"><\/h3>\n\t\t\t\t\t\t\t\t\t\t\t    \t<h4 class=\"color-white to-top-after\"><\/h4>\n\t\t\t\t\t\t\t\t\t\t\t    \t<i class=\"ti-search circled-icon to-top-after-after\"><\/i>\n\t\t\t\t\t\t\t\t\t\t\t    <\/div>\n\t\t\t\t\t\t\t\t\t\t\t<\/div>\n\t\t\t\t\t\t\t\t\t\t<\/a>\n\t\t\t\t\t\t\t\t\t\t<figcaption><\/figcaption>\n\t\t\t\t\t\t\t\t\t<\/li><li class=\"project flip-column-3\">\n\t\t    \t    \t\t\t\t\t<a href=\"https:\/\/dolphinexcursions.eu\/wp-content\/uploads\/2021\/02\/izlet-1-3.jpg\" data-size=\"1152x864\">\n\t\t\t\t\t\t\t\t\t\t\t<div class=\"image-box zoom-hover hover-meta text-center\">\n\t\t\t\t\t\t\t\t\t\t\t    <img src=\"https:\/\/dolphinexcursions.eu\/wp-content\/uploads\/2021\/02\/izlet-1-3.jpg\" alt=\"gallery-item\" \/>\n\t\t\t\t\t\t\t\t\t\t\t    <span class=\"overlay-default\"><\/span>\n\t\t\t\t\t\t\t\t\t\t\t    <div class=\"meta-caption\">\n\t\t\t\t\t\t\t\t\t\t\t    \t<h3 class=\"color-white to-top mb0 bold\"><\/h3>\n\t\t\t\t\t\t\t\t\t\t\t    \t<h4 class=\"color-white to-top-after\"><\/h4>\n\t\t\t\t\t\t\t\t\t\t\t    \t<i class=\"ti-search circled-icon to-top-after-after\"><\/i>\n\t\t\t\t\t\t\t\t\t\t\t    <\/div>\n\t\t\t\t\t\t\t\t\t\t\t<\/div>\n\t\t\t\t\t\t\t\t\t\t<\/a>\n\t\t\t\t\t\t\t\t\t\t<figcaption><\/figcaption>\n\t\t\t\t\t\t\t\t\t<\/li><li class=\"project flip-column-3\">\n\t\t    \t    \t\t\t\t\t<a href=\"https:\/\/dolphinexcursions.eu\/wp-content\/uploads\/2021\/02\/izlet-1-4.jpg\" data-size=\"1152x864\">\n\t\t\t\t\t\t\t\t\t\t\t<div class=\"image-box zoom-hover hover-meta text-center\">\n\t\t\t\t\t\t\t\t\t\t\t    <img src=\"https:\/\/dolphinexcursions.eu\/wp-content\/uploads\/2021\/02\/izlet-1-4.jpg\" alt=\"gallery-item\" \/>\n\t\t\t\t\t\t\t\t\t\t\t    <span class=\"overlay-default\"><\/span>\n\t\t\t\t\t\t\t\t\t\t\t    <div class=\"meta-caption\">\n\t\t\t\t\t\t\t\t\t\t\t    \t<h3 class=\"color-white to-top mb0 bold\"><\/h3>\n\t\t\t\t\t\t\t\t\t\t\t    \t<h4 class=\"color-white to-top-after\"><\/h4>\n\t\t\t\t\t\t\t\t\t\t\t    \t<i class=\"ti-search circled-icon to-top-after-after\"><\/i>\n\t\t\t\t\t\t\t\t\t\t\t    <\/div>\n\t\t\t\t\t\t\t\t\t\t\t<\/div>\n\t\t\t\t\t\t\t\t\t\t<\/a>\n\t\t\t\t\t\t\t\t\t\t<figcaption><\/figcaption>\n\t\t\t\t\t\t\t\t\t<\/li><li class=\"project flip-column-3\">\n\t\t    \t    \t\t\t\t\t<a href=\"https:\/\/dolphinexcursions.eu\/wp-content\/uploads\/2021\/02\/izlet-1-5.jpg\" data-size=\"1152x864\">\n\t\t\t\t\t\t\t\t\t\t\t<div class=\"image-box zoom-hover hover-meta text-center\">\n\t\t\t\t\t\t\t\t\t\t\t    <img src=\"https:\/\/dolphinexcursions.eu\/wp-content\/uploads\/2021\/02\/izlet-1-5.jpg\" alt=\"gallery-item\" \/>\n\t\t\t\t\t\t\t\t\t\t\t    <span class=\"overlay-default\"><\/span>\n\t\t\t\t\t\t\t\t\t\t\t    <div class=\"meta-caption\">\n\t\t\t\t\t\t\t\t\t\t\t    \t<h3 class=\"color-white to-top mb0 bold\"><\/h3>\n\t\t\t\t\t\t\t\t\t\t\t    \t<h4 class=\"color-white to-top-after\"><\/h4>\n\t\t\t\t\t\t\t\t\t\t\t    \t<i class=\"ti-search circled-icon to-top-after-after\"><\/i>\n\t\t\t\t\t\t\t\t\t\t\t    <\/div>\n\t\t\t\t\t\t\t\t\t\t\t<\/div>\n\t\t\t\t\t\t\t\t\t\t<\/a>\n\t\t\t\t\t\t\t\t\t\t<figcaption><\/figcaption>\n\t\t\t\t\t\t\t\t\t<\/li><li class=\"project flip-column-3\">\n\t\t    \t    \t\t\t\t\t<a href=\"https:\/\/dolphinexcursions.eu\/wp-content\/uploads\/2021\/02\/izlet-1-6.jpg\" data-size=\"1152x864\">\n\t\t\t\t\t\t\t\t\t\t\t<div class=\"image-box zoom-hover hover-meta text-center\">\n\t\t\t\t\t\t\t\t\t\t\t    <img src=\"https:\/\/dolphinexcursions.eu\/wp-content\/uploads\/2021\/02\/izlet-1-6.jpg\" alt=\"gallery-item\" \/>\n\t\t\t\t\t\t\t\t\t\t\t    <span class=\"overlay-default\"><\/span>\n\t\t\t\t\t\t\t\t\t\t\t    <div class=\"meta-caption\">\n\t\t\t\t\t\t\t\t\t\t\t    \t<h3 class=\"color-white to-top mb0 bold\"><\/h3>\n\t\t\t\t\t\t\t\t\t\t\t    \t<h4 class=\"color-white to-top-after\"><\/h4>\n\t\t\t\t\t\t\t\t\t\t\t    \t<i class=\"ti-search circled-icon to-top-after-after\"><\/i>\n\t\t\t\t\t\t\t\t\t\t\t    <\/div>\n\t\t\t\t\t\t\t\t\t\t\t<\/div>\n\t\t\t\t\t\t\t\t\t\t<\/a>\n\t\t\t\t\t\t\t\t\t\t<figcaption><\/figcaption>\n\t\t\t\t\t\t\t\t\t<\/li><\/ul><\/div>\n<p>[\/vc_column_text][\/vc_column][\/vc_row]<\/p>\n","protected":false},"excerpt":{"rendered":"<p>[vc_row el_id=&#8220;main&#8220;][vc_column][vc_row_inner][vc_column_inner width=&#8220;1\/2&#8243;][\/vc_column_inner][vc_column_inner width=&#8220;1\/2&#8243;][\/vc_column_inner][\/vc_row_inner][vc_column_text]Partneri Ferienhausmarkt.com HTZ Pensionen-weltweit.de Ferienhausmiete.de [\/vc_column_text][\/vc_column][\/vc_row][vc_row][vc_column][vc_column_text] [\/vc_column_text][\/vc_column][\/vc_row]<\/p>\n","protected":false},"author":2,"featured_media":8912,"parent":0,"menu_order":0,"comment_status":"closed","ping_status":"closed","template":"","meta":[],"yoast_head":"<!-- This site is optimized with the Yoast SEO plugin v19.9 - https:\/\/yoast.com\/wordpress\/plugins\/seo\/ -->\n<title>Novalja apartm\u00e1n | Apartm\u00e1ny Pag | V\u00fdlet za delf\u00ednmi Novalja<\/title>\n<meta name=\"description\" content=\"Kvalitn\u00e9 a lacn\u00e9 apartm\u00e1ny v Novalji. N\u00fakame atrakt\u00edvne ceny za ubytovanie v apartm\u00e1noch na ostrove Pag.\" \/>\n<meta name=\"robots\" content=\"index, follow, max-snippet:-1, max-image-preview:large, max-video-preview:-1\" \/>\n<link rel=\"canonical\" href=\"https:\/\/dolphinexcursions.eu\/sk\/ubytovanie\/\" \/>\n<meta property=\"og:locale\" content=\"sk_SK\" \/>\n<meta property=\"og:type\" content=\"article\" \/>\n<meta property=\"og:title\" content=\"Novalja apartm\u00e1n | Apartm\u00e1ny Pag | V\u00fdlet za delf\u00ednmi Novalja\" \/>\n<meta property=\"og:description\" content=\"Kvalitn\u00e9 a lacn\u00e9 apartm\u00e1ny v Novalji. N\u00fakame atrakt\u00edvne ceny za ubytovanie v apartm\u00e1noch na ostrove Pag.\" \/>\n<meta property=\"og:url\" content=\"https:\/\/dolphinexcursions.eu\/sk\/ubytovanie\/\" \/>\n<meta property=\"og:site_name\" content=\"Dolphin Excursions Novalja\" \/>\n<meta property=\"article:modified_time\" content=\"2021-03-25T14:46:52+00:00\" \/>\n<meta property=\"og:image\" content=\"https:\/\/dolphinexcursions.eu\/wp-content\/uploads\/2021\/02\/kontakt-featured.jpg\" \/>\n\t<meta property=\"og:image:width\" content=\"1920\" \/>\n\t<meta property=\"og:image:height\" content=\"1278\" \/>\n\t<meta property=\"og:image:type\" content=\"image\/jpeg\" \/>\n<meta name=\"twitter:card\" content=\"summary_large_image\" \/>\n<meta name=\"twitter:label1\" content=\"Predpokladan\u00fd \u010das \u010d\u00edtania\" \/>\n\t<meta name=\"twitter:data1\" content=\"1 min\u00fata\" \/>\n<script type=\"application\/ld+json\" class=\"yoast-schema-graph\">{\"@context\":\"https:\/\/schema.org\",\"@graph\":[{\"@type\":\"WebPage\",\"@id\":\"https:\/\/dolphinexcursions.eu\/sk\/ubytovanie\/\",\"url\":\"https:\/\/dolphinexcursions.eu\/sk\/ubytovanie\/\",\"name\":\"Novalja apartm\u00e1n | Apartm\u00e1ny Pag | V\u00fdlet za delf\u00ednmi Novalja\",\"isPartOf\":{\"@id\":\"https:\/\/dolphinexcursions.eu\/sk\/#website\"},\"datePublished\":\"2021-03-05T11:11:26+00:00\",\"dateModified\":\"2021-03-25T14:46:52+00:00\",\"description\":\"Kvalitn\u00e9 a lacn\u00e9 apartm\u00e1ny v Novalji. N\u00fakame atrakt\u00edvne ceny za ubytovanie v apartm\u00e1noch na ostrove Pag.\",\"breadcrumb\":{\"@id\":\"https:\/\/dolphinexcursions.eu\/sk\/ubytovanie\/#breadcrumb\"},\"inLanguage\":\"sk-SK\",\"potentialAction\":[{\"@type\":\"ReadAction\",\"target\":[\"https:\/\/dolphinexcursions.eu\/sk\/ubytovanie\/\"]}]},{\"@type\":\"BreadcrumbList\",\"@id\":\"https:\/\/dolphinexcursions.eu\/sk\/ubytovanie\/#breadcrumb\",\"itemListElement\":[{\"@type\":\"ListItem\",\"position\":1,\"name\":\"Home\",\"item\":\"https:\/\/dolphinexcursions.eu\/sk\/\"},{\"@type\":\"ListItem\",\"position\":2,\"name\":\"Ubytovanie\"}]},{\"@type\":\"WebSite\",\"@id\":\"https:\/\/dolphinexcursions.eu\/sk\/#website\",\"url\":\"https:\/\/dolphinexcursions.eu\/sk\/\",\"name\":\"Dolphin Excursions Novalja\",\"description\":\"Izleti brodom Olib, Silba, Ilovik, Lo\u0161inj\",\"potentialAction\":[{\"@type\":\"SearchAction\",\"target\":{\"@type\":\"EntryPoint\",\"urlTemplate\":\"https:\/\/dolphinexcursions.eu\/sk\/?s={search_term_string}\"},\"query-input\":\"required name=search_term_string\"}],\"inLanguage\":\"sk-SK\"}]}<\/script>\n<!-- \/ Yoast SEO plugin. -->","yoast_head_json":{"title":"Novalja apartm\u00e1n | Apartm\u00e1ny Pag | V\u00fdlet za delf\u00ednmi Novalja","description":"Kvalitn\u00e9 a lacn\u00e9 apartm\u00e1ny v Novalji. N\u00fakame atrakt\u00edvne ceny za ubytovanie v apartm\u00e1noch na ostrove Pag.","robots":{"index":"index","follow":"follow","max-snippet":"max-snippet:-1","max-image-preview":"max-image-preview:large","max-video-preview":"max-video-preview:-1"},"canonical":"https:\/\/dolphinexcursions.eu\/sk\/ubytovanie\/","og_locale":"sk_SK","og_type":"article","og_title":"Novalja apartm\u00e1n | Apartm\u00e1ny Pag | V\u00fdlet za delf\u00ednmi Novalja","og_description":"Kvalitn\u00e9 a lacn\u00e9 apartm\u00e1ny v Novalji. N\u00fakame atrakt\u00edvne ceny za ubytovanie v apartm\u00e1noch na ostrove Pag.","og_url":"https:\/\/dolphinexcursions.eu\/sk\/ubytovanie\/","og_site_name":"Dolphin Excursions Novalja","article_modified_time":"2021-03-25T14:46:52+00:00","og_image":[{"width":1920,"height":1278,"url":"https:\/\/dolphinexcursions.eu\/wp-content\/uploads\/2021\/02\/kontakt-featured.jpg","type":"image\/jpeg"}],"twitter_card":"summary_large_image","twitter_misc":{"Predpokladan\u00fd \u010das \u010d\u00edtania":"1 min\u00fata"},"schema":{"@context":"https:\/\/schema.org","@graph":[{"@type":"WebPage","@id":"https:\/\/dolphinexcursions.eu\/sk\/ubytovanie\/","url":"https:\/\/dolphinexcursions.eu\/sk\/ubytovanie\/","name":"Novalja apartm\u00e1n | Apartm\u00e1ny Pag | V\u00fdlet za delf\u00ednmi Novalja","isPartOf":{"@id":"https:\/\/dolphinexcursions.eu\/sk\/#website"},"datePublished":"2021-03-05T11:11:26+00:00","dateModified":"2021-03-25T14:46:52+00:00","description":"Kvalitn\u00e9 a lacn\u00e9 apartm\u00e1ny v Novalji. N\u00fakame atrakt\u00edvne ceny za ubytovanie v apartm\u00e1noch na ostrove Pag.","breadcrumb":{"@id":"https:\/\/dolphinexcursions.eu\/sk\/ubytovanie\/#breadcrumb"},"inLanguage":"sk-SK","potentialAction":[{"@type":"ReadAction","target":["https:\/\/dolphinexcursions.eu\/sk\/ubytovanie\/"]}]},{"@type":"BreadcrumbList","@id":"https:\/\/dolphinexcursions.eu\/sk\/ubytovanie\/#breadcrumb","itemListElement":[{"@type":"ListItem","position":1,"name":"Home","item":"https:\/\/dolphinexcursions.eu\/sk\/"},{"@type":"ListItem","position":2,"name":"Ubytovanie"}]},{"@type":"WebSite","@id":"https:\/\/dolphinexcursions.eu\/sk\/#website","url":"https:\/\/dolphinexcursions.eu\/sk\/","name":"Dolphin Excursions Novalja","description":"Izleti brodom Olib, Silba, Ilovik, Lo\u0161inj","potentialAction":[{"@type":"SearchAction","target":{"@type":"EntryPoint","urlTemplate":"https:\/\/dolphinexcursions.eu\/sk\/?s={search_term_string}"},"query-input":"required name=search_term_string"}],"inLanguage":"sk-SK"}]}},"_links":{"self":[{"href":"https:\/\/dolphinexcursions.eu\/sk\/wp-json\/wp\/v2\/pages\/9569"}],"collection":[{"href":"https:\/\/dolphinexcursions.eu\/sk\/wp-json\/wp\/v2\/pages"}],"about":[{"href":"https:\/\/dolphinexcursions.eu\/sk\/wp-json\/wp\/v2\/types\/page"}],"author":[{"embeddable":true,"href":"https:\/\/dolphinexcursions.eu\/sk\/wp-json\/wp\/v2\/users\/2"}],"replies":[{"embeddable":true,"href":"https:\/\/dolphinexcursions.eu\/sk\/wp-json\/wp\/v2\/comments?post=9569"}],"version-history":[{"count":10,"href":"https:\/\/dolphinexcursions.eu\/sk\/wp-json\/wp\/v2\/pages\/9569\/revisions"}],"predecessor-version":[{"id":9884,"href":"https:\/\/dolphinexcursions.eu\/sk\/wp-json\/wp\/v2\/pages\/9569\/revisions\/9884"}],"wp:featuredmedia":[{"embeddable":true,"href":"https:\/\/dolphinexcursions.eu\/sk\/wp-json\/wp\/v2\/media\/8912"}],"wp:attachment":[{"href":"https:\/\/dolphinexcursions.eu\/sk\/wp-json\/wp\/v2\/media?parent=9569"}],"curies":[{"name":"wp","href":"https:\/\/api.w.org\/{rel}","templated":true}]}}