{"id":9298,"date":"2021-03-03T11:53:12","date_gmt":"2021-03-03T10:53:12","guid":{"rendered":"https:\/\/dolphinexcursions.eu\/novalja\/"},"modified":"2024-06-25T14:38:22","modified_gmt":"2024-06-25T13:38:22","slug":"vylet-za-delfinmi-novalja","status":"publish","type":"page","link":"https:\/\/dolphinexcursions.eu\/sk\/vylet-za-delfinmi-novalja\/","title":{"rendered":"Panoramatick\u00fd ve\u010dern\u00fd v\u00fdlet."},"content":{"rendered":"<p>[vc_row el_id=&#8220;main&#8220;][vc_column]<section class=\"box-content image-standard  modal-video-wrap \">\n\t\t\t\t\t\t    <div class=\"container p0-sm-min\">\n\t\t\t\t\t\t        <div class=\"row vertical-flex\">\n\t\t\t\t\t\t            <div class=\"col-md-4 col-sm-5 mb-xs-24 p0-sm-min\"><h2  class=\"widgettitle mb8\">Panoramatick\u00fd ve\u010dern\u00fd v\u00fdlet.<\/h2><div class=\"primary-line\"><\/div><div class=\"intro-content-content\"><p>V tejto kr\u00e1tkej, no vzru\u0161uj\u00facej dobrodru\u017enej akcii m\u00e1me ve\u013ek\u00fa \u0161ancu vidie\u0165 delf\u00edny, bude zahrnut\u00e1 vynikaj\u00faca ve\u010dera na palube, \u010do obohat\u00ed z\u00e1\u017eitok z tejto dobrodru\u017enej cesty. Tento v\u00fdlet organizujeme od pondelka do \u0161tvrtka od 18:30 do 21:30 hod\u00edn.<\/p>\n<\/div><\/div>\n\t\t\t\t\t\t            <div class=\"col-md-7 col-md-offset-1 col-sm-6 col-sm-offset-1 text-center p0-sm-min border-radius-m shadow-img\">\n\t\t\t\t\t\t            \t<div class=\"intro-image\"><img width=\"1024\" height=\"683\" src=\"https:\/\/dolphinexcursions.eu\/wp-content\/uploads\/2021\/03\/novalja-back.jpg\" class=\"attachment-full size-full\" alt=\"\" decoding=\"async\" loading=\"lazy\" srcset=\"https:\/\/dolphinexcursions.eu\/wp-content\/uploads\/2021\/03\/novalja-back.jpg 1024w, https:\/\/dolphinexcursions.eu\/wp-content\/uploads\/2021\/03\/novalja-back-300x200.jpg 300w, https:\/\/dolphinexcursions.eu\/wp-content\/uploads\/2021\/03\/novalja-back-768x512.jpg 768w\" sizes=\"(max-width: 1024px) 100vw, 1024px\" \/><div class=\"modal-video-mask\"><a data-modal=\"modal-69f5c227a1719\" class=\"md-trigger m0 play\" href= \"#\"><div class=\"play-button inline\"><\/div><\/a><\/div><\/div>\n\t\t\t\t\t\t            <\/div>\n\t\t\t\t\t\t        <\/div>\n\t\t\t\t\t\t    <\/div><div class=\"modal-button\"><div class=\"md-modal md-modal-7\" id=\"modal-69f5c227a1719\"><div class=\"md-content\"><div class=\"md-content-inner\"><iframe title=\"Novalja | Pag island | Croatia \/ Pointers Travel DMC \/ 4K Drone footage \/ Kroatien\" width=\"1170\" height=\"658\" src=\"https:\/\/www.youtube.com\/embed\/uFcP6VJQ91Y?feature=oembed\" frameborder=\"0\" allow=\"accelerometer; autoplay; clipboard-write; encrypted-media; gyroscope; picture-in-picture; web-share\" referrerpolicy=\"strict-origin-when-cross-origin\" allowfullscreen><\/iframe><\/div><\/div><div class=\"text-center\"><a class=\"md-close inline-block mt24\" href=\"#\"><i class=\"ti-close\"><\/i><\/a><\/div><\/div><div class=\"md-overlay\"><\/div><\/div>\n\t\t\t\t\t\t<\/section><script type=\"text\/javascript\">jQuery(document).ready(function(){jQuery('head').append('<style type=\"text\/css\" id=\"tlg-custom-css-btn-69f5c227a1718\">#btn-69f5c227a1718:hover{color:#565656!important;background:#f7c307!important;border-color:transparent!important;}<\/style>');});<\/script><div class=\"tlg-spacer  \" data-height=\"72\" data-height-tablet=\"72\" data-height-mobile=\"72\" style=\"clear:both;display:block;height:72px;\"><\/div><section class=\"box-content image-standard  modal-video-wrap \">\n\t\t\t\t\t\t    <div class=\"container p0-sm-min\">\n\t\t\t\t\t\t        <div class=\"row vertical-flex\">\n\t\t\t\t\t\t            <div class=\"col-md-7 col-sm-6 text-center mb-xs-24 p0-sm-min border-radius-m shadow-img\">\n\t\t\t\t\t\t            \t<div class=\"intro-image\"><img width=\"780\" height=\"520\" src=\"https:\/\/dolphinexcursions.eu\/wp-content\/uploads\/2021\/03\/delfin-novalja.jpg\" class=\"attachment-full size-full\" alt=\"\" decoding=\"async\" loading=\"lazy\" srcset=\"https:\/\/dolphinexcursions.eu\/wp-content\/uploads\/2021\/03\/delfin-novalja.jpg 780w, https:\/\/dolphinexcursions.eu\/wp-content\/uploads\/2021\/03\/delfin-novalja-300x200.jpg 300w, https:\/\/dolphinexcursions.eu\/wp-content\/uploads\/2021\/03\/delfin-novalja-768x512.jpg 768w\" sizes=\"(max-width: 780px) 100vw, 780px\" \/><div class=\"modal-video-mask\"><a data-modal=\"modal-69f5c227bdc09\" class=\"md-trigger m0 play\" href= \"#\"><div class=\"play-button inline\"><\/div><\/a><\/div><\/div>\n\t\t\t\t\t\t            <\/div>\n\t\t\t\t\t\t            <div class=\"col-md-4 col-md-offset-1 col-sm-5 col-sm-offset-1 p0-sm-min\"><div class=\"widgetsubtitle\">Panoramatick\u00fd ve\u010dern\u00fd v\u00fdlet.<\/div><h2  class=\"widgettitle mb8\">Cenn\u00edk exkurzi\u00ed<\/h2><div class=\"primary-line\"><\/div><div class=\"intro-content-content\"><p>Deti do 5 rokov: <strong>zdarma<\/strong><\/p>\n<p>Deti vo veku 5-12 rokov: <strong>20 \u20ac\u00a0<\/strong><\/p>\n<p>Dospel\u00ed: <strong>40 \u20ac<\/strong><\/p>\n<\/div><a style=\"color:#565656;background:#f7c307;border-color:transparent;\" id=\"btn-69f5c227bdc08\" class=\"btn btn-sm ti-angle-right  btn-sm-sm text-center mr-0 mb0 mt24\" href= \"https:\/\/dolphinexcursions.eu\/sk\/kontakt\/\" target=\"_self\" >Kontaktuj n\u00e1s<\/a><\/div>\n\t\t\t\t\t\t        <\/div>\n\t\t\t\t\t\t    <\/div><div class=\"modal-button\"><div class=\"md-modal md-modal-7\" id=\"modal-69f5c227bdc09\"><div class=\"md-content\"><div class=\"md-content-inner\"><iframe title=\"Best Beaches On Island Pag 2019 - Croatia - Drone 4K\" width=\"1170\" height=\"658\" src=\"https:\/\/www.youtube.com\/embed\/Ra_dRG3P4gk?feature=oembed\" frameborder=\"0\" allow=\"accelerometer; autoplay; clipboard-write; encrypted-media; gyroscope; picture-in-picture; web-share\" referrerpolicy=\"strict-origin-when-cross-origin\" allowfullscreen><\/iframe><\/div><\/div><div class=\"text-center\"><a class=\"md-close inline-block mt24\" href=\"#\"><i class=\"ti-close\"><\/i><\/a><\/div><\/div><div class=\"md-overlay\"><\/div><\/div>\n\t\t\t\t\t\t<\/section><script type=\"text\/javascript\">jQuery(document).ready(function(){jQuery('head').append('<style type=\"text\/css\" id=\"tlg-custom-css-btn-69f5c227bdc08\">#btn-69f5c227bdc08:hover{color:#565656!important;background:#f7c307!important;border-color:transparent!important;}<\/style>');});<\/script>[\/vc_column][\/vc_row][vc_row][vc_column]<div class=\"headings-title \"><div class=\"mb70 mb-xs-40 text-center\"><h5  class=\"widgettitle\">Galeria<\/h5><\/div><\/div>[vc_column_text]<\/p>\n<div><ul class=\"masonry-flip masonry-flip-photoswipe flip-photoswipe-center effect-scale\" id=\"masonry-flip\"><li class=\"project flip-column-3\">\n\t\t    \t    \t\t\t\t\t<a href=\"https:\/\/dolphinexcursions.eu\/wp-content\/uploads\/2021\/03\/novalja-1.jpg\" data-size=\"1152x864\">\n\t\t\t\t\t\t\t\t\t\t\t<div class=\"image-box zoom-hover hover-meta text-center\">\n\t\t\t\t\t\t\t\t\t\t\t    <img src=\"https:\/\/dolphinexcursions.eu\/wp-content\/uploads\/2021\/03\/novalja-1.jpg\" alt=\"gallery-item\" \/>\n\t\t\t\t\t\t\t\t\t\t\t    <span class=\"overlay-default\"><\/span>\n\t\t\t\t\t\t\t\t\t\t\t    <div class=\"meta-caption\">\n\t\t\t\t\t\t\t\t\t\t\t    \t<h3 class=\"color-white to-top mb0 bold\"><\/h3>\n\t\t\t\t\t\t\t\t\t\t\t    \t<h4 class=\"color-white to-top-after\"><\/h4>\n\t\t\t\t\t\t\t\t\t\t\t    \t<i class=\"ti-search circled-icon to-top-after-after\"><\/i>\n\t\t\t\t\t\t\t\t\t\t\t    <\/div>\n\t\t\t\t\t\t\t\t\t\t\t<\/div>\n\t\t\t\t\t\t\t\t\t\t<\/a>\n\t\t\t\t\t\t\t\t\t\t<figcaption><\/figcaption>\n\t\t\t\t\t\t\t\t\t<\/li><li class=\"project flip-column-3\">\n\t\t    \t    \t\t\t\t\t<a href=\"https:\/\/dolphinexcursions.eu\/wp-content\/uploads\/2021\/03\/novalja-6.jpg\" data-size=\"1152x864\">\n\t\t\t\t\t\t\t\t\t\t\t<div class=\"image-box zoom-hover hover-meta text-center\">\n\t\t\t\t\t\t\t\t\t\t\t    <img src=\"https:\/\/dolphinexcursions.eu\/wp-content\/uploads\/2021\/03\/novalja-6.jpg\" alt=\"gallery-item\" \/>\n\t\t\t\t\t\t\t\t\t\t\t    <span class=\"overlay-default\"><\/span>\n\t\t\t\t\t\t\t\t\t\t\t    <div class=\"meta-caption\">\n\t\t\t\t\t\t\t\t\t\t\t    \t<h3 class=\"color-white to-top mb0 bold\"><\/h3>\n\t\t\t\t\t\t\t\t\t\t\t    \t<h4 class=\"color-white to-top-after\"><\/h4>\n\t\t\t\t\t\t\t\t\t\t\t    \t<i class=\"ti-search circled-icon to-top-after-after\"><\/i>\n\t\t\t\t\t\t\t\t\t\t\t    <\/div>\n\t\t\t\t\t\t\t\t\t\t\t<\/div>\n\t\t\t\t\t\t\t\t\t\t<\/a>\n\t\t\t\t\t\t\t\t\t\t<figcaption><\/figcaption>\n\t\t\t\t\t\t\t\t\t<\/li><li class=\"project flip-column-3\">\n\t\t    \t    \t\t\t\t\t<a href=\"https:\/\/dolphinexcursions.eu\/wp-content\/uploads\/2021\/03\/novalja-3.jpg\" data-size=\"1152x864\">\n\t\t\t\t\t\t\t\t\t\t\t<div class=\"image-box zoom-hover hover-meta text-center\">\n\t\t\t\t\t\t\t\t\t\t\t    <img src=\"https:\/\/dolphinexcursions.eu\/wp-content\/uploads\/2021\/03\/novalja-3.jpg\" alt=\"gallery-item\" \/>\n\t\t\t\t\t\t\t\t\t\t\t    <span class=\"overlay-default\"><\/span>\n\t\t\t\t\t\t\t\t\t\t\t    <div class=\"meta-caption\">\n\t\t\t\t\t\t\t\t\t\t\t    \t<h3 class=\"color-white to-top mb0 bold\"><\/h3>\n\t\t\t\t\t\t\t\t\t\t\t    \t<h4 class=\"color-white to-top-after\"><\/h4>\n\t\t\t\t\t\t\t\t\t\t\t    \t<i class=\"ti-search circled-icon to-top-after-after\"><\/i>\n\t\t\t\t\t\t\t\t\t\t\t    <\/div>\n\t\t\t\t\t\t\t\t\t\t\t<\/div>\n\t\t\t\t\t\t\t\t\t\t<\/a>\n\t\t\t\t\t\t\t\t\t\t<figcaption><\/figcaption>\n\t\t\t\t\t\t\t\t\t<\/li><li class=\"project flip-column-3\">\n\t\t    \t    \t\t\t\t\t<a href=\"https:\/\/dolphinexcursions.eu\/wp-content\/uploads\/2021\/03\/novalja-4.jpg\" data-size=\"1152x864\">\n\t\t\t\t\t\t\t\t\t\t\t<div class=\"image-box zoom-hover hover-meta text-center\">\n\t\t\t\t\t\t\t\t\t\t\t    <img src=\"https:\/\/dolphinexcursions.eu\/wp-content\/uploads\/2021\/03\/novalja-4.jpg\" alt=\"gallery-item\" \/>\n\t\t\t\t\t\t\t\t\t\t\t    <span class=\"overlay-default\"><\/span>\n\t\t\t\t\t\t\t\t\t\t\t    <div class=\"meta-caption\">\n\t\t\t\t\t\t\t\t\t\t\t    \t<h3 class=\"color-white to-top mb0 bold\"><\/h3>\n\t\t\t\t\t\t\t\t\t\t\t    \t<h4 class=\"color-white to-top-after\"><\/h4>\n\t\t\t\t\t\t\t\t\t\t\t    \t<i class=\"ti-search circled-icon to-top-after-after\"><\/i>\n\t\t\t\t\t\t\t\t\t\t\t    <\/div>\n\t\t\t\t\t\t\t\t\t\t\t<\/div>\n\t\t\t\t\t\t\t\t\t\t<\/a>\n\t\t\t\t\t\t\t\t\t\t<figcaption><\/figcaption>\n\t\t\t\t\t\t\t\t\t<\/li><li class=\"project flip-column-3\">\n\t\t    \t    \t\t\t\t\t<a href=\"https:\/\/dolphinexcursions.eu\/wp-content\/uploads\/2021\/03\/novalja-5.jpg\" data-size=\"1152x864\">\n\t\t\t\t\t\t\t\t\t\t\t<div class=\"image-box zoom-hover hover-meta text-center\">\n\t\t\t\t\t\t\t\t\t\t\t    <img src=\"https:\/\/dolphinexcursions.eu\/wp-content\/uploads\/2021\/03\/novalja-5.jpg\" alt=\"gallery-item\" \/>\n\t\t\t\t\t\t\t\t\t\t\t    <span class=\"overlay-default\"><\/span>\n\t\t\t\t\t\t\t\t\t\t\t    <div class=\"meta-caption\">\n\t\t\t\t\t\t\t\t\t\t\t    \t<h3 class=\"color-white to-top mb0 bold\"><\/h3>\n\t\t\t\t\t\t\t\t\t\t\t    \t<h4 class=\"color-white to-top-after\"><\/h4>\n\t\t\t\t\t\t\t\t\t\t\t    \t<i class=\"ti-search circled-icon to-top-after-after\"><\/i>\n\t\t\t\t\t\t\t\t\t\t\t    <\/div>\n\t\t\t\t\t\t\t\t\t\t\t<\/div>\n\t\t\t\t\t\t\t\t\t\t<\/a>\n\t\t\t\t\t\t\t\t\t\t<figcaption><\/figcaption>\n\t\t\t\t\t\t\t\t\t<\/li><li class=\"project flip-column-3\">\n\t\t    \t    \t\t\t\t\t<a href=\"https:\/\/dolphinexcursions.eu\/wp-content\/uploads\/2021\/03\/novalja-2.jpg\" data-size=\"1152x864\">\n\t\t\t\t\t\t\t\t\t\t\t<div class=\"image-box zoom-hover hover-meta text-center\">\n\t\t\t\t\t\t\t\t\t\t\t    <img src=\"https:\/\/dolphinexcursions.eu\/wp-content\/uploads\/2021\/03\/novalja-2.jpg\" alt=\"gallery-item\" \/>\n\t\t\t\t\t\t\t\t\t\t\t    <span class=\"overlay-default\"><\/span>\n\t\t\t\t\t\t\t\t\t\t\t    <div class=\"meta-caption\">\n\t\t\t\t\t\t\t\t\t\t\t    \t<h3 class=\"color-white to-top mb0 bold\"><\/h3>\n\t\t\t\t\t\t\t\t\t\t\t    \t<h4 class=\"color-white to-top-after\"><\/h4>\n\t\t\t\t\t\t\t\t\t\t\t    \t<i class=\"ti-search circled-icon to-top-after-after\"><\/i>\n\t\t\t\t\t\t\t\t\t\t\t    <\/div>\n\t\t\t\t\t\t\t\t\t\t\t<\/div>\n\t\t\t\t\t\t\t\t\t\t<\/a>\n\t\t\t\t\t\t\t\t\t\t<figcaption><\/figcaption>\n\t\t\t\t\t\t\t\t\t<\/li><\/ul><\/div>\n<p>[\/vc_column_text][\/vc_column][\/vc_row]<\/p>\n","protected":false},"excerpt":{"rendered":"<p>[vc_row el_id=&#8220;main&#8220;][vc_column][\/vc_column][\/vc_row][vc_row][vc_column][vc_column_text] [\/vc_column_text][\/vc_column][\/vc_row]<\/p>\n","protected":false},"author":2,"featured_media":8912,"parent":0,"menu_order":0,"comment_status":"closed","ping_status":"closed","template":"","meta":[],"yoast_head":"<!-- This site is optimized with the Yoast SEO plugin v19.9 - https:\/\/yoast.com\/wordpress\/plugins\/seo\/ -->\n<title>Dobrodru\u017estvo | H\u013eadanie delf\u00ednov |<\/title>\n<meta name=\"description\" content=\"V tejto kr\u00e1tkej, no vzru\u0161uj\u00facej dobrodru\u017enej akcii m\u00e1me ve\u013ek\u00fa \u0161ancu vidie\u0165 delf\u00edny. S vynikaj\u00facou ve\u010derou na palube bude z\u00e1\u017eitok z tejto dobrodru\u017enej cesty e\u0161te v\u00e4\u010d\u0161\u00ed. T\u00fato exkurziu organizujeme od pondelka do \u0161tvrtka od 18:30 do 21:30.\" \/>\n<meta name=\"robots\" content=\"index, follow, max-snippet:-1, max-image-preview:large, max-video-preview:-1\" \/>\n<link rel=\"canonical\" href=\"https:\/\/dolphinexcursions.eu\/sk\/vylet-za-delfinmi-novalja\/\" \/>\n<meta property=\"og:locale\" content=\"sk_SK\" \/>\n<meta property=\"og:type\" content=\"article\" \/>\n<meta property=\"og:title\" content=\"Dobrodru\u017estvo | H\u013eadanie delf\u00ednov |\" \/>\n<meta property=\"og:description\" content=\"V tejto kr\u00e1tkej, no vzru\u0161uj\u00facej dobrodru\u017enej akcii m\u00e1me ve\u013ek\u00fa \u0161ancu vidie\u0165 delf\u00edny. S vynikaj\u00facou ve\u010derou na palube bude z\u00e1\u017eitok z tejto dobrodru\u017enej cesty e\u0161te v\u00e4\u010d\u0161\u00ed. T\u00fato exkurziu organizujeme od pondelka do \u0161tvrtka od 18:30 do 21:30.\" \/>\n<meta property=\"og:url\" content=\"https:\/\/dolphinexcursions.eu\/sk\/vylet-za-delfinmi-novalja\/\" \/>\n<meta property=\"og:site_name\" content=\"Dolphin Excursions Novalja\" \/>\n<meta property=\"article:modified_time\" content=\"2024-06-25T13:38:22+00:00\" \/>\n<meta property=\"og:image\" content=\"https:\/\/dolphinexcursions.eu\/wp-content\/uploads\/2021\/02\/kontakt-featured.jpg\" \/>\n\t<meta property=\"og:image:width\" content=\"1920\" \/>\n\t<meta property=\"og:image:height\" content=\"1278\" \/>\n\t<meta property=\"og:image:type\" content=\"image\/jpeg\" \/>\n<meta name=\"twitter:card\" content=\"summary_large_image\" \/>\n<meta name=\"twitter:label1\" content=\"Predpokladan\u00fd \u010das \u010d\u00edtania\" \/>\n\t<meta name=\"twitter:data1\" content=\"1 min\u00fata\" \/>\n<script type=\"application\/ld+json\" class=\"yoast-schema-graph\">{\"@context\":\"https:\/\/schema.org\",\"@graph\":[{\"@type\":\"WebPage\",\"@id\":\"https:\/\/dolphinexcursions.eu\/sk\/vylet-za-delfinmi-novalja\/\",\"url\":\"https:\/\/dolphinexcursions.eu\/sk\/vylet-za-delfinmi-novalja\/\",\"name\":\"Dobrodru\u017estvo | H\u013eadanie delf\u00ednov |\",\"isPartOf\":{\"@id\":\"https:\/\/dolphinexcursions.eu\/sk\/#website\"},\"datePublished\":\"2021-03-03T10:53:12+00:00\",\"dateModified\":\"2024-06-25T13:38:22+00:00\",\"description\":\"V tejto kr\u00e1tkej, no vzru\u0161uj\u00facej dobrodru\u017enej akcii m\u00e1me ve\u013ek\u00fa \u0161ancu vidie\u0165 delf\u00edny. S vynikaj\u00facou ve\u010derou na palube bude z\u00e1\u017eitok z tejto dobrodru\u017enej cesty e\u0161te v\u00e4\u010d\u0161\u00ed. T\u00fato exkurziu organizujeme od pondelka do \u0161tvrtka od 18:30 do 21:30.\",\"breadcrumb\":{\"@id\":\"https:\/\/dolphinexcursions.eu\/sk\/vylet-za-delfinmi-novalja\/#breadcrumb\"},\"inLanguage\":\"sk-SK\",\"potentialAction\":[{\"@type\":\"ReadAction\",\"target\":[\"https:\/\/dolphinexcursions.eu\/sk\/vylet-za-delfinmi-novalja\/\"]}]},{\"@type\":\"BreadcrumbList\",\"@id\":\"https:\/\/dolphinexcursions.eu\/sk\/vylet-za-delfinmi-novalja\/#breadcrumb\",\"itemListElement\":[{\"@type\":\"ListItem\",\"position\":1,\"name\":\"Home\",\"item\":\"https:\/\/dolphinexcursions.eu\/sk\/\"},{\"@type\":\"ListItem\",\"position\":2,\"name\":\"Panoramatick\u00fd ve\u010dern\u00fd v\u00fdlet.\"}]},{\"@type\":\"WebSite\",\"@id\":\"https:\/\/dolphinexcursions.eu\/sk\/#website\",\"url\":\"https:\/\/dolphinexcursions.eu\/sk\/\",\"name\":\"Dolphin Excursions Novalja\",\"description\":\"Izleti brodom Olib, Silba, Ilovik, Lo\u0161inj\",\"potentialAction\":[{\"@type\":\"SearchAction\",\"target\":{\"@type\":\"EntryPoint\",\"urlTemplate\":\"https:\/\/dolphinexcursions.eu\/sk\/?s={search_term_string}\"},\"query-input\":\"required name=search_term_string\"}],\"inLanguage\":\"sk-SK\"}]}<\/script>\n<!-- \/ Yoast SEO plugin. -->","yoast_head_json":{"title":"Dobrodru\u017estvo | H\u013eadanie delf\u00ednov |","description":"V tejto kr\u00e1tkej, no vzru\u0161uj\u00facej dobrodru\u017enej akcii m\u00e1me ve\u013ek\u00fa \u0161ancu vidie\u0165 delf\u00edny. S vynikaj\u00facou ve\u010derou na palube bude z\u00e1\u017eitok z tejto dobrodru\u017enej cesty e\u0161te v\u00e4\u010d\u0161\u00ed. T\u00fato exkurziu organizujeme od pondelka do \u0161tvrtka od 18:30 do 21:30.","robots":{"index":"index","follow":"follow","max-snippet":"max-snippet:-1","max-image-preview":"max-image-preview:large","max-video-preview":"max-video-preview:-1"},"canonical":"https:\/\/dolphinexcursions.eu\/sk\/vylet-za-delfinmi-novalja\/","og_locale":"sk_SK","og_type":"article","og_title":"Dobrodru\u017estvo | H\u013eadanie delf\u00ednov |","og_description":"V tejto kr\u00e1tkej, no vzru\u0161uj\u00facej dobrodru\u017enej akcii m\u00e1me ve\u013ek\u00fa \u0161ancu vidie\u0165 delf\u00edny. S vynikaj\u00facou ve\u010derou na palube bude z\u00e1\u017eitok z tejto dobrodru\u017enej cesty e\u0161te v\u00e4\u010d\u0161\u00ed. T\u00fato exkurziu organizujeme od pondelka do \u0161tvrtka od 18:30 do 21:30.","og_url":"https:\/\/dolphinexcursions.eu\/sk\/vylet-za-delfinmi-novalja\/","og_site_name":"Dolphin Excursions Novalja","article_modified_time":"2024-06-25T13:38:22+00:00","og_image":[{"width":1920,"height":1278,"url":"https:\/\/dolphinexcursions.eu\/wp-content\/uploads\/2021\/02\/kontakt-featured.jpg","type":"image\/jpeg"}],"twitter_card":"summary_large_image","twitter_misc":{"Predpokladan\u00fd \u010das \u010d\u00edtania":"1 min\u00fata"},"schema":{"@context":"https:\/\/schema.org","@graph":[{"@type":"WebPage","@id":"https:\/\/dolphinexcursions.eu\/sk\/vylet-za-delfinmi-novalja\/","url":"https:\/\/dolphinexcursions.eu\/sk\/vylet-za-delfinmi-novalja\/","name":"Dobrodru\u017estvo | H\u013eadanie delf\u00ednov |","isPartOf":{"@id":"https:\/\/dolphinexcursions.eu\/sk\/#website"},"datePublished":"2021-03-03T10:53:12+00:00","dateModified":"2024-06-25T13:38:22+00:00","description":"V tejto kr\u00e1tkej, no vzru\u0161uj\u00facej dobrodru\u017enej akcii m\u00e1me ve\u013ek\u00fa \u0161ancu vidie\u0165 delf\u00edny. S vynikaj\u00facou ve\u010derou na palube bude z\u00e1\u017eitok z tejto dobrodru\u017enej cesty e\u0161te v\u00e4\u010d\u0161\u00ed. T\u00fato exkurziu organizujeme od pondelka do \u0161tvrtka od 18:30 do 21:30.","breadcrumb":{"@id":"https:\/\/dolphinexcursions.eu\/sk\/vylet-za-delfinmi-novalja\/#breadcrumb"},"inLanguage":"sk-SK","potentialAction":[{"@type":"ReadAction","target":["https:\/\/dolphinexcursions.eu\/sk\/vylet-za-delfinmi-novalja\/"]}]},{"@type":"BreadcrumbList","@id":"https:\/\/dolphinexcursions.eu\/sk\/vylet-za-delfinmi-novalja\/#breadcrumb","itemListElement":[{"@type":"ListItem","position":1,"name":"Home","item":"https:\/\/dolphinexcursions.eu\/sk\/"},{"@type":"ListItem","position":2,"name":"Panoramatick\u00fd ve\u010dern\u00fd v\u00fdlet."}]},{"@type":"WebSite","@id":"https:\/\/dolphinexcursions.eu\/sk\/#website","url":"https:\/\/dolphinexcursions.eu\/sk\/","name":"Dolphin Excursions Novalja","description":"Izleti brodom Olib, Silba, Ilovik, Lo\u0161inj","potentialAction":[{"@type":"SearchAction","target":{"@type":"EntryPoint","urlTemplate":"https:\/\/dolphinexcursions.eu\/sk\/?s={search_term_string}"},"query-input":"required name=search_term_string"}],"inLanguage":"sk-SK"}]}},"_links":{"self":[{"href":"https:\/\/dolphinexcursions.eu\/sk\/wp-json\/wp\/v2\/pages\/9298"}],"collection":[{"href":"https:\/\/dolphinexcursions.eu\/sk\/wp-json\/wp\/v2\/pages"}],"about":[{"href":"https:\/\/dolphinexcursions.eu\/sk\/wp-json\/wp\/v2\/types\/page"}],"author":[{"embeddable":true,"href":"https:\/\/dolphinexcursions.eu\/sk\/wp-json\/wp\/v2\/users\/2"}],"replies":[{"embeddable":true,"href":"https:\/\/dolphinexcursions.eu\/sk\/wp-json\/wp\/v2\/comments?post=9298"}],"version-history":[{"count":15,"href":"https:\/\/dolphinexcursions.eu\/sk\/wp-json\/wp\/v2\/pages\/9298\/revisions"}],"predecessor-version":[{"id":11090,"href":"https:\/\/dolphinexcursions.eu\/sk\/wp-json\/wp\/v2\/pages\/9298\/revisions\/11090"}],"wp:featuredmedia":[{"embeddable":true,"href":"https:\/\/dolphinexcursions.eu\/sk\/wp-json\/wp\/v2\/media\/8912"}],"wp:attachment":[{"href":"https:\/\/dolphinexcursions.eu\/sk\/wp-json\/wp\/v2\/media?parent=9298"}],"curies":[{"name":"wp","href":"https:\/\/api.w.org\/{rel}","templated":true}]}}