{"id":9262,"date":"2021-02-23T11:39:48","date_gmt":"2021-02-23T10:39:48","guid":{"rendered":"https:\/\/dolphinexcursions.eu\/izleti-ture\/"},"modified":"2022-08-09T16:25:10","modified_gmt":"2022-08-09T15:25:10","slug":"exkurzie","status":"publish","type":"page","link":"https:\/\/dolphinexcursions.eu\/sk\/exkurzie\/","title":{"rendered":"Exkurzie"},"content":{"rendered":"<p>[vc_row tlg_padding=&#8220;pb0&#8243;][vc_column]<div class=\"headings-title \"><div class=\"mb70 mb-xs-40 text-center\"><div  class=\"widgetsubtitle \">Exkurzie<\/div><div class=\"divider-wrap\"><i style=\"color:#f7c307!important;\" class=\"ti-heart\"><\/i><div class=\"tlg-divider tlg-divider-large\" style=\"background-color:#f7c307!important;\"><\/div><\/div><h5  class=\"widgettitle mb0\">Spoznajte kr\u00e1sy na\u0161ich ostrovov<\/h5><\/div><\/div>[\/vc_column][\/vc_row][vc_row tlg_padding=&#8220;pt0&#8243; tlg_text_align=&#8220;text-center&#8220; css=&#8220;.vc_custom_1614768583505{margin-bottom: 0px !important;padding-bottom: 80px !important;}&#8220;][vc_column width=&#8220;1\/3&#8243;]<div id=\"iconbox-69f5b41c4d2d2\" class=\"   \"><div class=\"icon-link\"><div class=\"boxed boxed-intro boxed-animate animate-center relative mb0 inner-title hover-reveal  boxed-image\">\n\t\t\t\t\t\t\t<div class=\"icon-image\"><span class=\"ti-pin behind-icon\"><\/span><img src=\"https:\/\/dolphinexcursions.eu\/wp-content\/uploads\/2021\/02\/IMG-20210211-WA0021-600x600.jpg\" alt=\"icon-image\" \/><div class=\"image-overlay\"><div class=\"image-overlay-inner\">\n    \t\t\t\t\t\t<i style=\"color:#31aafe;\" class=\"ti-pin\"><\/i><h2  class=\"widgettitle\">Silba - Olib<\/h2><div  class=\"widgetsubtitle\">Izlet<\/div><\/div><\/div><\/div>\n\t\t\t\t\t\t\t<div class=\"title\"><i class=\"ti-pin  white-color inline-block mb24 icon-text\"><\/i>\n\t\t\t\t\t\t\t\t<h2  class=\"widgettitle\">Silba - Olib<\/h2><div  class=\"icon-content\"><p>Spolu s nami m\u00f4\u017eete objavi\u0165 kr\u00e1sy ostrovov Olib a Silba.<\/p>\n<\/div><a  id=\"btn-69f5b41c4d2d3\" class=\"btn btn-filled btn-light btn-rounded    btn-sm-sm text-center mr-0 mb0 mt8\" href= \"https:\/\/dolphinexcursions.eu\/sk\/silba-olib\/\" target=\"_self\" >Viac inform\u00e1ci\u00ed<i class=\"ti-angle-right\"><\/i><\/a>\n\t\t\t\t\t\t\t<\/div>\n\t\t\t\t\t\t<\/div><\/div><\/div><script type=\"text\/javascript\">jQuery(document).ready(function(){jQuery('head').append('<style type=\"text\/css\" id=\"tlg-custom-css-iconbox-69f5b41c4d2d2\">#iconbox-69f5b41c4d2d2 .boxed-icon:hover{background-color:#31aafe!important;}#iconbox-69f5b41c4d2d2 .boxed-animate:before{background-color:#31aafe!important;}#iconbox-69f5b41c4d2d2 .boxed.boxed-intro.boxed-scroll .title{background-color:#31aafe!important;}#iconbox-69f5b41c4d2d2 .boxed.boxed-intro.boxed-scroll .icon-image .image-overlay-inner .widgettitle:before{background-color:#31aafe!important;}#iconbox-69f5b41c4d2d2 .animate-center .image-overlay-inner .widgettitle:before{background-color:#31aafe!important;}<\/style>');});<\/script>[\/vc_column][vc_column width=&#8220;1\/3&#8243;]<div id=\"iconbox-69f5b41c4d482\" class=\"   \"><div class=\"icon-link\"><div class=\"boxed boxed-intro boxed-animate animate-center relative mb0 inner-title hover-reveal  boxed-image\">\n\t\t\t\t\t\t\t<div class=\"icon-image\"><span class=\"ti-pin behind-icon\"><\/span><img src=\"https:\/\/dolphinexcursions.eu\/wp-content\/uploads\/2021\/02\/IMG-20210211-WA0015-600x600.jpg\" alt=\"icon-image\" \/><div class=\"image-overlay\"><div class=\"image-overlay-inner\">\n    \t\t\t\t\t\t<i style=\"color:#f7c307;\" class=\"ti-pin\"><\/i><h2  class=\"widgettitle\">Veli Lo\u0161inj - Ilovik<\/h2><div  class=\"widgetsubtitle\">Izlet<\/div><\/div><\/div><\/div>\n\t\t\t\t\t\t\t<div class=\"title\"><i class=\"ti-pin  white-color inline-block mb24 icon-text\"><\/i>\n\t\t\t\t\t\t\t\t<h2  class=\"widgettitle\">Veli Lo\u0161inj - Ilovik<\/h2><div  class=\"icon-content\"><p>Piatok je de\u0148, kedy na\u0161a lo\u010f vyr\u00e1\u017ea z hlavn\u00e9ho pr\u00edstavu v Novalji a plav\u00ed sa k ostrovom Ilovik a Veli Lo\u0161inj.<\/p>\n<\/div><a  id=\"btn-69f5b41c4d483\" class=\"btn btn-filled btn-light btn-rounded    btn-sm-sm text-center mr-0 mb0 mt8\" href= \"https:\/\/dolphinexcursions.eu\/sk\/mali-losinj-ilovik\/\" target=\"_self\" >Viac inform\u00e1ci\u00ed<i class=\"ti-angle-right\"><\/i><\/a>\n\t\t\t\t\t\t\t<\/div>\n\t\t\t\t\t\t<\/div><\/div><\/div><script type=\"text\/javascript\">jQuery(document).ready(function(){jQuery('head').append('<style type=\"text\/css\" id=\"tlg-custom-css-iconbox-69f5b41c4d482\">#iconbox-69f5b41c4d482 .boxed-icon:hover{background-color:#f7c307!important;}#iconbox-69f5b41c4d482 .boxed-animate:before{background-color:#f7c307!important;}#iconbox-69f5b41c4d482 .boxed.boxed-intro.boxed-scroll .title{background-color:#f7c307!important;}#iconbox-69f5b41c4d482 .boxed.boxed-intro.boxed-scroll .icon-image .image-overlay-inner .widgettitle:before{background-color:#f7c307!important;}#iconbox-69f5b41c4d482 .animate-center .image-overlay-inner .widgettitle:before{background-color:#f7c307!important;}<\/style>');});<\/script>[\/vc_column][vc_column width=&#8220;1\/3&#8243;]<div id=\"iconbox-69f5b41c4d5e6\" class=\"   \"><div class=\"icon-link\"><div class=\"boxed boxed-intro boxed-animate animate-center relative mb0 inner-title hover-reveal  boxed-image\">\n\t\t\t\t\t\t\t<div class=\"icon-image\"><span class=\"ti-pin behind-icon\"><\/span><img src=\"https:\/\/dolphinexcursions.eu\/wp-content\/uploads\/2021\/03\/novalja-back-600x600.jpg\" alt=\"icon-image\" \/><div class=\"image-overlay\"><div class=\"image-overlay-inner\">\n    \t\t\t\t\t\t<i style=\"color:#31aafe;\" class=\"ti-pin\"><\/i><h2  class=\"widgettitle\">Novalja<\/h2><div  class=\"widgetsubtitle\">Izlet<\/div><\/div><\/div><\/div>\n\t\t\t\t\t\t\t<div class=\"title\"><i class=\"ti-pin  white-color inline-block mb24 icon-text\"><\/i>\n\t\t\t\t\t\t\t\t<h2  class=\"widgettitle\">Novalja<\/h2><div  class=\"icon-content\"><p>Po\u010das tohto kr\u00e1tkeho, ale vzru\u0161uj\u00faceho v\u00fdletu h\u013ead\u00e1me delf\u00ednov. Pravdepodobnos\u0165, \u017ee ich zbad\u00e1me je 50%.(Moment\u00e1ln\u011b nedostupn\u00e9)<\/p>\n<\/div><a  id=\"btn-69f5b41c4d5e7\" class=\"btn btn-filled btn-light btn-rounded    btn-sm-sm text-center mr-0 mb0 mt8\" href= \"https:\/\/dolphinexcursions.eu\/sk\/novalja\/\" target=\"_self\" >Viac inform\u00e1ci\u00ed<i class=\"ti-angle-right\"><\/i><\/a>\n\t\t\t\t\t\t\t<\/div>\n\t\t\t\t\t\t<\/div><\/div><\/div><script type=\"text\/javascript\">jQuery(document).ready(function(){jQuery('head').append('<style type=\"text\/css\" id=\"tlg-custom-css-iconbox-69f5b41c4d5e6\">#iconbox-69f5b41c4d5e6 .boxed-icon:hover{background-color:#31aafe!important;}#iconbox-69f5b41c4d5e6 .boxed-animate:before{background-color:#31aafe!important;}#iconbox-69f5b41c4d5e6 .boxed.boxed-intro.boxed-scroll .title{background-color:#31aafe!important;}#iconbox-69f5b41c4d5e6 .boxed.boxed-intro.boxed-scroll .icon-image .image-overlay-inner .widgettitle:before{background-color:#31aafe!important;}#iconbox-69f5b41c4d5e6 .animate-center .image-overlay-inner .widgettitle:before{background-color:#31aafe!important;}<\/style>');});<\/script>[\/vc_column][\/vc_row]<\/p>\n","protected":false},"excerpt":{"rendered":"<p>[vc_row tlg_padding=&#8220;pb0&#8243;][vc_column][\/vc_column][\/vc_row][vc_row tlg_padding=&#8220;pt0&#8243; tlg_text_align=&#8220;text-center&#8220; css=&#8220;.vc_custom_1614768583505{margin-bottom: 0px !important;padding-bottom: 80px !important;}&#8220;][vc_column width=&#8220;1\/3&#8243;][\/vc_column][vc_column width=&#8220;1\/3&#8243;][\/vc_column][vc_column width=&#8220;1\/3&#8243;][\/vc_column][\/vc_row]<\/p>\n","protected":false},"author":2,"featured_media":8912,"parent":0,"menu_order":0,"comment_status":"closed","ping_status":"closed","template":"","meta":[],"yoast_head":"<!-- This site is optimized with the Yoast SEO plugin v19.9 - https:\/\/yoast.com\/wordpress\/plugins\/seo\/ -->\n<title>Exkurzie - Dolphin Excursions Novalja<\/title>\n<meta name=\"robots\" content=\"index, follow, max-snippet:-1, max-image-preview:large, max-video-preview:-1\" \/>\n<link rel=\"canonical\" href=\"https:\/\/dolphinexcursions.eu\/sk\/exkurzie\/\" \/>\n<meta property=\"og:locale\" content=\"sk_SK\" \/>\n<meta property=\"og:type\" content=\"article\" \/>\n<meta property=\"og:title\" content=\"Exkurzie - Dolphin Excursions Novalja\" \/>\n<meta property=\"og:description\" content=\"[vc_row tlg_padding=&#8220;pb0&#8243;][vc_column][\/vc_column][\/vc_row][vc_row tlg_padding=&#8220;pt0&#8243; tlg_text_align=&#8220;text-center&#8220; css=&#8220;.vc_custom_1614768583505{margin-bottom: 0px !important;padding-bottom: 80px !important;}&#8220;][vc_column width=&#8220;1\/3&#8243;][\/vc_column][vc_column width=&#8220;1\/3&#8243;][\/vc_column][vc_column width=&#8220;1\/3&#8243;][\/vc_column][\/vc_row]\" \/>\n<meta property=\"og:url\" content=\"https:\/\/dolphinexcursions.eu\/sk\/exkurzie\/\" \/>\n<meta property=\"og:site_name\" content=\"Dolphin Excursions Novalja\" \/>\n<meta property=\"article:modified_time\" content=\"2022-08-09T15:25:10+00:00\" \/>\n<meta property=\"og:image\" content=\"https:\/\/dolphinexcursions.eu\/wp-content\/uploads\/2021\/02\/kontakt-featured.jpg\" \/>\n\t<meta property=\"og:image:width\" content=\"1920\" \/>\n\t<meta property=\"og:image:height\" content=\"1278\" \/>\n\t<meta property=\"og:image:type\" content=\"image\/jpeg\" \/>\n<meta name=\"twitter:card\" content=\"summary_large_image\" \/>\n<meta name=\"twitter:label1\" content=\"Predpokladan\u00fd \u010das \u010d\u00edtania\" \/>\n\t<meta name=\"twitter:data1\" content=\"2 min\u00faty\" \/>\n<script type=\"application\/ld+json\" class=\"yoast-schema-graph\">{\"@context\":\"https:\/\/schema.org\",\"@graph\":[{\"@type\":\"WebPage\",\"@id\":\"https:\/\/dolphinexcursions.eu\/sk\/exkurzie\/\",\"url\":\"https:\/\/dolphinexcursions.eu\/sk\/exkurzie\/\",\"name\":\"Exkurzie - Dolphin Excursions Novalja\",\"isPartOf\":{\"@id\":\"https:\/\/dolphinexcursions.eu\/sk\/#website\"},\"datePublished\":\"2021-02-23T10:39:48+00:00\",\"dateModified\":\"2022-08-09T15:25:10+00:00\",\"breadcrumb\":{\"@id\":\"https:\/\/dolphinexcursions.eu\/sk\/exkurzie\/#breadcrumb\"},\"inLanguage\":\"sk-SK\",\"potentialAction\":[{\"@type\":\"ReadAction\",\"target\":[\"https:\/\/dolphinexcursions.eu\/sk\/exkurzie\/\"]}]},{\"@type\":\"BreadcrumbList\",\"@id\":\"https:\/\/dolphinexcursions.eu\/sk\/exkurzie\/#breadcrumb\",\"itemListElement\":[{\"@type\":\"ListItem\",\"position\":1,\"name\":\"Home\",\"item\":\"https:\/\/dolphinexcursions.eu\/sk\/\"},{\"@type\":\"ListItem\",\"position\":2,\"name\":\"Exkurzie\"}]},{\"@type\":\"WebSite\",\"@id\":\"https:\/\/dolphinexcursions.eu\/sk\/#website\",\"url\":\"https:\/\/dolphinexcursions.eu\/sk\/\",\"name\":\"Dolphin Excursions Novalja\",\"description\":\"Izleti brodom Olib, Silba, Ilovik, Lo\u0161inj\",\"potentialAction\":[{\"@type\":\"SearchAction\",\"target\":{\"@type\":\"EntryPoint\",\"urlTemplate\":\"https:\/\/dolphinexcursions.eu\/sk\/?s={search_term_string}\"},\"query-input\":\"required name=search_term_string\"}],\"inLanguage\":\"sk-SK\"}]}<\/script>\n<!-- \/ Yoast SEO plugin. -->","yoast_head_json":{"title":"Exkurzie - Dolphin Excursions Novalja","robots":{"index":"index","follow":"follow","max-snippet":"max-snippet:-1","max-image-preview":"max-image-preview:large","max-video-preview":"max-video-preview:-1"},"canonical":"https:\/\/dolphinexcursions.eu\/sk\/exkurzie\/","og_locale":"sk_SK","og_type":"article","og_title":"Exkurzie - Dolphin Excursions Novalja","og_description":"[vc_row tlg_padding=&#8220;pb0&#8243;][vc_column][\/vc_column][\/vc_row][vc_row tlg_padding=&#8220;pt0&#8243; tlg_text_align=&#8220;text-center&#8220; css=&#8220;.vc_custom_1614768583505{margin-bottom: 0px !important;padding-bottom: 80px !important;}&#8220;][vc_column width=&#8220;1\/3&#8243;][\/vc_column][vc_column width=&#8220;1\/3&#8243;][\/vc_column][vc_column width=&#8220;1\/3&#8243;][\/vc_column][\/vc_row]","og_url":"https:\/\/dolphinexcursions.eu\/sk\/exkurzie\/","og_site_name":"Dolphin Excursions Novalja","article_modified_time":"2022-08-09T15:25:10+00:00","og_image":[{"width":1920,"height":1278,"url":"https:\/\/dolphinexcursions.eu\/wp-content\/uploads\/2021\/02\/kontakt-featured.jpg","type":"image\/jpeg"}],"twitter_card":"summary_large_image","twitter_misc":{"Predpokladan\u00fd \u010das \u010d\u00edtania":"2 min\u00faty"},"schema":{"@context":"https:\/\/schema.org","@graph":[{"@type":"WebPage","@id":"https:\/\/dolphinexcursions.eu\/sk\/exkurzie\/","url":"https:\/\/dolphinexcursions.eu\/sk\/exkurzie\/","name":"Exkurzie - Dolphin Excursions Novalja","isPartOf":{"@id":"https:\/\/dolphinexcursions.eu\/sk\/#website"},"datePublished":"2021-02-23T10:39:48+00:00","dateModified":"2022-08-09T15:25:10+00:00","breadcrumb":{"@id":"https:\/\/dolphinexcursions.eu\/sk\/exkurzie\/#breadcrumb"},"inLanguage":"sk-SK","potentialAction":[{"@type":"ReadAction","target":["https:\/\/dolphinexcursions.eu\/sk\/exkurzie\/"]}]},{"@type":"BreadcrumbList","@id":"https:\/\/dolphinexcursions.eu\/sk\/exkurzie\/#breadcrumb","itemListElement":[{"@type":"ListItem","position":1,"name":"Home","item":"https:\/\/dolphinexcursions.eu\/sk\/"},{"@type":"ListItem","position":2,"name":"Exkurzie"}]},{"@type":"WebSite","@id":"https:\/\/dolphinexcursions.eu\/sk\/#website","url":"https:\/\/dolphinexcursions.eu\/sk\/","name":"Dolphin Excursions Novalja","description":"Izleti brodom Olib, Silba, Ilovik, Lo\u0161inj","potentialAction":[{"@type":"SearchAction","target":{"@type":"EntryPoint","urlTemplate":"https:\/\/dolphinexcursions.eu\/sk\/?s={search_term_string}"},"query-input":"required name=search_term_string"}],"inLanguage":"sk-SK"}]}},"_links":{"self":[{"href":"https:\/\/dolphinexcursions.eu\/sk\/wp-json\/wp\/v2\/pages\/9262"}],"collection":[{"href":"https:\/\/dolphinexcursions.eu\/sk\/wp-json\/wp\/v2\/pages"}],"about":[{"href":"https:\/\/dolphinexcursions.eu\/sk\/wp-json\/wp\/v2\/types\/page"}],"author":[{"embeddable":true,"href":"https:\/\/dolphinexcursions.eu\/sk\/wp-json\/wp\/v2\/users\/2"}],"replies":[{"embeddable":true,"href":"https:\/\/dolphinexcursions.eu\/sk\/wp-json\/wp\/v2\/comments?post=9262"}],"version-history":[{"count":9,"href":"https:\/\/dolphinexcursions.eu\/sk\/wp-json\/wp\/v2\/pages\/9262\/revisions"}],"predecessor-version":[{"id":10238,"href":"https:\/\/dolphinexcursions.eu\/sk\/wp-json\/wp\/v2\/pages\/9262\/revisions\/10238"}],"wp:featuredmedia":[{"embeddable":true,"href":"https:\/\/dolphinexcursions.eu\/sk\/wp-json\/wp\/v2\/media\/8912"}],"wp:attachment":[{"href":"https:\/\/dolphinexcursions.eu\/sk\/wp-json\/wp\/v2\/media?parent=9262"}],"curies":[{"name":"wp","href":"https:\/\/api.w.org\/{rel}","templated":true}]}}