{"id":9295,"date":"2021-03-03T11:53:12","date_gmt":"2021-03-03T10:53:12","guid":{"rendered":"https:\/\/dolphinexcursions.eu\/novalja\/"},"modified":"2024-06-25T14:40:27","modified_gmt":"2024-06-25T13:40:27","slug":"novalja","status":"publish","type":"page","link":"https:\/\/dolphinexcursions.eu\/pl\/novalja\/","title":{"rendered":"W poszukiwaniu delfin\u00f3w"},"content":{"rendered":"<p>[vc_row el_id=&#8221;main&#8221;][vc_column]<section class=\"box-content image-standard  modal-video-wrap \">\n\t\t\t\t\t\t    <div class=\"container p0-sm-min\">\n\t\t\t\t\t\t        <div class=\"row vertical-flex\">\n\t\t\t\t\t\t            <div class=\"col-md-4 col-sm-5 mb-xs-24 p0-sm-min\"><h2  class=\"widgettitle mb8\">Wieczorny panoramiczny wycieczka.<\/h2><div class=\"primary-line\"><\/div><div class=\"intro-content-content\"><p>W tej kr\u00f3tkiej, ale ekscytuj\u0105cej przygodzie mamy du\u017c\u0105 szans\u0119 zobaczy\u0107 delfiny. Z doskona\u0142\u0105 kolacj\u0105 na pok\u0142adzie, do\u015bwiadczenie z tej przygody b\u0119dzie jeszcze wi\u0119ksze. Organizujemy t\u0119 wycieczk\u0119 od poniedzia\u0142ku do czwartku w godzinach 18:30 &#8211; 21:30.<\/p>\n<\/div><\/div>\n\t\t\t\t\t\t            <div class=\"col-md-7 col-md-offset-1 col-sm-6 col-sm-offset-1 text-center p0-sm-min border-radius-m shadow-img\">\n\t\t\t\t\t\t            \t<div class=\"intro-image\"><img width=\"1024\" height=\"683\" src=\"https:\/\/dolphinexcursions.eu\/wp-content\/uploads\/2021\/03\/novalja-back.jpg\" class=\"attachment-full size-full\" alt=\"\" decoding=\"async\" loading=\"lazy\" srcset=\"https:\/\/dolphinexcursions.eu\/wp-content\/uploads\/2021\/03\/novalja-back.jpg 1024w, https:\/\/dolphinexcursions.eu\/wp-content\/uploads\/2021\/03\/novalja-back-300x200.jpg 300w, https:\/\/dolphinexcursions.eu\/wp-content\/uploads\/2021\/03\/novalja-back-768x512.jpg 768w\" sizes=\"(max-width: 1024px) 100vw, 1024px\" \/><div class=\"modal-video-mask\"><a data-modal=\"modal-69e008a367269\" class=\"md-trigger m0 play\" href= \"#\"><div class=\"play-button inline\"><\/div><\/a><\/div><\/div>\n\t\t\t\t\t\t            <\/div>\n\t\t\t\t\t\t        <\/div>\n\t\t\t\t\t\t    <\/div><div class=\"modal-button\"><div class=\"md-modal md-modal-7\" id=\"modal-69e008a367269\"><div class=\"md-content\"><div class=\"md-content-inner\"><iframe title=\"Novalja | Pag island | Croatia \/ Pointers Travel DMC \/ 4K Drone footage \/ Kroatien\" width=\"1170\" height=\"658\" src=\"https:\/\/www.youtube.com\/embed\/uFcP6VJQ91Y?feature=oembed\" frameborder=\"0\" allow=\"accelerometer; autoplay; clipboard-write; encrypted-media; gyroscope; picture-in-picture; web-share\" referrerpolicy=\"strict-origin-when-cross-origin\" allowfullscreen><\/iframe><\/div><\/div><div class=\"text-center\"><a class=\"md-close inline-block mt24\" href=\"#\"><i class=\"ti-close\"><\/i><\/a><\/div><\/div><div class=\"md-overlay\"><\/div><\/div>\n\t\t\t\t\t\t<\/section><script type=\"text\/javascript\">jQuery(document).ready(function(){jQuery('head').append('<style type=\"text\/css\" id=\"tlg-custom-css-btn-69e008a367268\">#btn-69e008a367268:hover{color:#565656!important;background:#f7c307!important;border-color:transparent!important;}<\/style>');});<\/script><div class=\"tlg-spacer  \" data-height=\"72\" data-height-tablet=\"72\" data-height-mobile=\"72\" style=\"clear:both;display:block;height:72px;\"><\/div><section class=\"box-content image-standard  modal-video-wrap \">\n\t\t\t\t\t\t    <div class=\"container p0-sm-min\">\n\t\t\t\t\t\t        <div class=\"row vertical-flex\">\n\t\t\t\t\t\t            <div class=\"col-md-7 col-sm-6 text-center mb-xs-24 p0-sm-min border-radius-m shadow-img\">\n\t\t\t\t\t\t            \t<div class=\"intro-image\"><img width=\"780\" height=\"520\" src=\"https:\/\/dolphinexcursions.eu\/wp-content\/uploads\/2021\/03\/delfin-novalja.jpg\" class=\"attachment-full size-full\" alt=\"\" decoding=\"async\" loading=\"lazy\" srcset=\"https:\/\/dolphinexcursions.eu\/wp-content\/uploads\/2021\/03\/delfin-novalja.jpg 780w, https:\/\/dolphinexcursions.eu\/wp-content\/uploads\/2021\/03\/delfin-novalja-300x200.jpg 300w, https:\/\/dolphinexcursions.eu\/wp-content\/uploads\/2021\/03\/delfin-novalja-768x512.jpg 768w\" sizes=\"(max-width: 780px) 100vw, 780px\" \/><div class=\"modal-video-mask\"><a data-modal=\"modal-69e008a386dfb\" class=\"md-trigger m0 play\" href= \"#\"><div class=\"play-button inline\"><\/div><\/a><\/div><\/div>\n\t\t\t\t\t\t            <\/div>\n\t\t\t\t\t\t            <div class=\"col-md-4 col-md-offset-1 col-sm-5 col-sm-offset-1 p0-sm-min\"><div class=\"widgetsubtitle\">Wieczorny panoramiczny wycieczka.<\/div><h2  class=\"widgettitle mb8\">Cennik wycieczek<\/h2><div class=\"primary-line\"><\/div><div class=\"intro-content-content\"><p>Dzieci do lat 5:\u00a0<strong>bezp\u0142atnie<\/strong><\/p>\n<p>Dzieci od 5 do 12 lat:\u00a0<strong>20 \u20ac<\/strong><\/p>\n<p>Doro\u015bli:\u00a0<strong>40 \u20ac<\/strong><\/p>\n<\/div><a style=\"color:#565656;background:#f7c307;border-color:transparent;\" id=\"btn-69e008a386dfa\" class=\"btn btn-sm ti-angle-right  btn-sm-sm text-center mr-0 mb0 mt24\" href= \"https:\/\/dolphinexcursions.eu\/pl\/polec-nas\/\" target=\"_self\" >Pole\u0107 nas<\/a><\/div>\n\t\t\t\t\t\t        <\/div>\n\t\t\t\t\t\t    <\/div><div class=\"modal-button\"><div class=\"md-modal md-modal-7\" id=\"modal-69e008a386dfb\"><div class=\"md-content\"><div class=\"md-content-inner\"><iframe title=\"Best Beaches On Island Pag 2019 - Croatia - Drone 4K\" width=\"1170\" height=\"658\" src=\"https:\/\/www.youtube.com\/embed\/Ra_dRG3P4gk?feature=oembed\" frameborder=\"0\" allow=\"accelerometer; autoplay; clipboard-write; encrypted-media; gyroscope; picture-in-picture; web-share\" referrerpolicy=\"strict-origin-when-cross-origin\" allowfullscreen><\/iframe><\/div><\/div><div class=\"text-center\"><a class=\"md-close inline-block mt24\" href=\"#\"><i class=\"ti-close\"><\/i><\/a><\/div><\/div><div class=\"md-overlay\"><\/div><\/div>\n\t\t\t\t\t\t<\/section><script type=\"text\/javascript\">jQuery(document).ready(function(){jQuery('head').append('<style type=\"text\/css\" id=\"tlg-custom-css-btn-69e008a386dfa\">#btn-69e008a386dfa:hover{color:#565656!important;background:#f7c307!important;border-color:transparent!important;}<\/style>');});<\/script>[\/vc_column][\/vc_row][vc_row][vc_column]<div class=\"headings-title \"><div class=\"mb70 mb-xs-40 text-center\"><h5  class=\"widgettitle\">Galerie<\/h5><\/div><\/div>[vc_column_text]<\/p>\n<div><ul class=\"masonry-flip masonry-flip-photoswipe flip-photoswipe-center effect-scale\" id=\"masonry-flip\"><li class=\"project flip-column-3\">\n\t\t    \t    \t\t\t\t\t<a href=\"https:\/\/dolphinexcursions.eu\/wp-content\/uploads\/2021\/03\/novalja-1.jpg\" data-size=\"1152x864\">\n\t\t\t\t\t\t\t\t\t\t\t<div class=\"image-box zoom-hover hover-meta text-center\">\n\t\t\t\t\t\t\t\t\t\t\t    <img src=\"https:\/\/dolphinexcursions.eu\/wp-content\/uploads\/2021\/03\/novalja-1.jpg\" alt=\"gallery-item\" \/>\n\t\t\t\t\t\t\t\t\t\t\t    <span class=\"overlay-default\"><\/span>\n\t\t\t\t\t\t\t\t\t\t\t    <div class=\"meta-caption\">\n\t\t\t\t\t\t\t\t\t\t\t    \t<h3 class=\"color-white to-top mb0 bold\"><\/h3>\n\t\t\t\t\t\t\t\t\t\t\t    \t<h4 class=\"color-white to-top-after\"><\/h4>\n\t\t\t\t\t\t\t\t\t\t\t    \t<i class=\"ti-search circled-icon to-top-after-after\"><\/i>\n\t\t\t\t\t\t\t\t\t\t\t    <\/div>\n\t\t\t\t\t\t\t\t\t\t\t<\/div>\n\t\t\t\t\t\t\t\t\t\t<\/a>\n\t\t\t\t\t\t\t\t\t\t<figcaption><\/figcaption>\n\t\t\t\t\t\t\t\t\t<\/li><li class=\"project flip-column-3\">\n\t\t    \t    \t\t\t\t\t<a href=\"https:\/\/dolphinexcursions.eu\/wp-content\/uploads\/2021\/03\/novalja-6.jpg\" data-size=\"1152x864\">\n\t\t\t\t\t\t\t\t\t\t\t<div class=\"image-box zoom-hover hover-meta text-center\">\n\t\t\t\t\t\t\t\t\t\t\t    <img src=\"https:\/\/dolphinexcursions.eu\/wp-content\/uploads\/2021\/03\/novalja-6.jpg\" alt=\"gallery-item\" \/>\n\t\t\t\t\t\t\t\t\t\t\t    <span class=\"overlay-default\"><\/span>\n\t\t\t\t\t\t\t\t\t\t\t    <div class=\"meta-caption\">\n\t\t\t\t\t\t\t\t\t\t\t    \t<h3 class=\"color-white to-top mb0 bold\"><\/h3>\n\t\t\t\t\t\t\t\t\t\t\t    \t<h4 class=\"color-white to-top-after\"><\/h4>\n\t\t\t\t\t\t\t\t\t\t\t    \t<i class=\"ti-search circled-icon to-top-after-after\"><\/i>\n\t\t\t\t\t\t\t\t\t\t\t    <\/div>\n\t\t\t\t\t\t\t\t\t\t\t<\/div>\n\t\t\t\t\t\t\t\t\t\t<\/a>\n\t\t\t\t\t\t\t\t\t\t<figcaption><\/figcaption>\n\t\t\t\t\t\t\t\t\t<\/li><li class=\"project flip-column-3\">\n\t\t    \t    \t\t\t\t\t<a href=\"https:\/\/dolphinexcursions.eu\/wp-content\/uploads\/2021\/03\/novalja-3.jpg\" data-size=\"1152x864\">\n\t\t\t\t\t\t\t\t\t\t\t<div class=\"image-box zoom-hover hover-meta text-center\">\n\t\t\t\t\t\t\t\t\t\t\t    <img src=\"https:\/\/dolphinexcursions.eu\/wp-content\/uploads\/2021\/03\/novalja-3.jpg\" alt=\"gallery-item\" \/>\n\t\t\t\t\t\t\t\t\t\t\t    <span class=\"overlay-default\"><\/span>\n\t\t\t\t\t\t\t\t\t\t\t    <div class=\"meta-caption\">\n\t\t\t\t\t\t\t\t\t\t\t    \t<h3 class=\"color-white to-top mb0 bold\"><\/h3>\n\t\t\t\t\t\t\t\t\t\t\t    \t<h4 class=\"color-white to-top-after\"><\/h4>\n\t\t\t\t\t\t\t\t\t\t\t    \t<i class=\"ti-search circled-icon to-top-after-after\"><\/i>\n\t\t\t\t\t\t\t\t\t\t\t    <\/div>\n\t\t\t\t\t\t\t\t\t\t\t<\/div>\n\t\t\t\t\t\t\t\t\t\t<\/a>\n\t\t\t\t\t\t\t\t\t\t<figcaption><\/figcaption>\n\t\t\t\t\t\t\t\t\t<\/li><li class=\"project flip-column-3\">\n\t\t    \t    \t\t\t\t\t<a href=\"https:\/\/dolphinexcursions.eu\/wp-content\/uploads\/2021\/03\/novalja-4.jpg\" data-size=\"1152x864\">\n\t\t\t\t\t\t\t\t\t\t\t<div class=\"image-box zoom-hover hover-meta text-center\">\n\t\t\t\t\t\t\t\t\t\t\t    <img src=\"https:\/\/dolphinexcursions.eu\/wp-content\/uploads\/2021\/03\/novalja-4.jpg\" alt=\"gallery-item\" \/>\n\t\t\t\t\t\t\t\t\t\t\t    <span class=\"overlay-default\"><\/span>\n\t\t\t\t\t\t\t\t\t\t\t    <div class=\"meta-caption\">\n\t\t\t\t\t\t\t\t\t\t\t    \t<h3 class=\"color-white to-top mb0 bold\"><\/h3>\n\t\t\t\t\t\t\t\t\t\t\t    \t<h4 class=\"color-white to-top-after\"><\/h4>\n\t\t\t\t\t\t\t\t\t\t\t    \t<i class=\"ti-search circled-icon to-top-after-after\"><\/i>\n\t\t\t\t\t\t\t\t\t\t\t    <\/div>\n\t\t\t\t\t\t\t\t\t\t\t<\/div>\n\t\t\t\t\t\t\t\t\t\t<\/a>\n\t\t\t\t\t\t\t\t\t\t<figcaption><\/figcaption>\n\t\t\t\t\t\t\t\t\t<\/li><li class=\"project flip-column-3\">\n\t\t    \t    \t\t\t\t\t<a href=\"https:\/\/dolphinexcursions.eu\/wp-content\/uploads\/2021\/03\/novalja-5.jpg\" data-size=\"1152x864\">\n\t\t\t\t\t\t\t\t\t\t\t<div class=\"image-box zoom-hover hover-meta text-center\">\n\t\t\t\t\t\t\t\t\t\t\t    <img src=\"https:\/\/dolphinexcursions.eu\/wp-content\/uploads\/2021\/03\/novalja-5.jpg\" alt=\"gallery-item\" \/>\n\t\t\t\t\t\t\t\t\t\t\t    <span class=\"overlay-default\"><\/span>\n\t\t\t\t\t\t\t\t\t\t\t    <div class=\"meta-caption\">\n\t\t\t\t\t\t\t\t\t\t\t    \t<h3 class=\"color-white to-top mb0 bold\"><\/h3>\n\t\t\t\t\t\t\t\t\t\t\t    \t<h4 class=\"color-white to-top-after\"><\/h4>\n\t\t\t\t\t\t\t\t\t\t\t    \t<i class=\"ti-search circled-icon to-top-after-after\"><\/i>\n\t\t\t\t\t\t\t\t\t\t\t    <\/div>\n\t\t\t\t\t\t\t\t\t\t\t<\/div>\n\t\t\t\t\t\t\t\t\t\t<\/a>\n\t\t\t\t\t\t\t\t\t\t<figcaption><\/figcaption>\n\t\t\t\t\t\t\t\t\t<\/li><li class=\"project flip-column-3\">\n\t\t    \t    \t\t\t\t\t<a href=\"https:\/\/dolphinexcursions.eu\/wp-content\/uploads\/2021\/03\/novalja-2.jpg\" data-size=\"1152x864\">\n\t\t\t\t\t\t\t\t\t\t\t<div class=\"image-box zoom-hover hover-meta text-center\">\n\t\t\t\t\t\t\t\t\t\t\t    <img src=\"https:\/\/dolphinexcursions.eu\/wp-content\/uploads\/2021\/03\/novalja-2.jpg\" alt=\"gallery-item\" \/>\n\t\t\t\t\t\t\t\t\t\t\t    <span class=\"overlay-default\"><\/span>\n\t\t\t\t\t\t\t\t\t\t\t    <div class=\"meta-caption\">\n\t\t\t\t\t\t\t\t\t\t\t    \t<h3 class=\"color-white to-top mb0 bold\"><\/h3>\n\t\t\t\t\t\t\t\t\t\t\t    \t<h4 class=\"color-white to-top-after\"><\/h4>\n\t\t\t\t\t\t\t\t\t\t\t    \t<i class=\"ti-search circled-icon to-top-after-after\"><\/i>\n\t\t\t\t\t\t\t\t\t\t\t    <\/div>\n\t\t\t\t\t\t\t\t\t\t\t<\/div>\n\t\t\t\t\t\t\t\t\t\t<\/a>\n\t\t\t\t\t\t\t\t\t\t<figcaption><\/figcaption>\n\t\t\t\t\t\t\t\t\t<\/li><\/ul><\/div>\n<p>[\/vc_column_text][\/vc_column][\/vc_row]<\/p>\n","protected":false},"excerpt":{"rendered":"<p>[vc_row el_id=&#8221;main&#8221;][vc_column][\/vc_column][\/vc_row][vc_row][vc_column][vc_column_text] [\/vc_column_text][\/vc_column][\/vc_row]<\/p>\n","protected":false},"author":2,"featured_media":8911,"parent":0,"menu_order":0,"comment_status":"closed","ping_status":"closed","template":"","meta":[],"yoast_head":"<!-- This site is optimized with the Yoast SEO plugin v19.9 - https:\/\/yoast.com\/wordpress\/plugins\/seo\/ -->\n<title>Przygoda na \u0142odzi, Poszukiwanie delfin\u00f3w | Wycieczki z delfinami Novalja,Wieczorny panoramiczny wycieczka.<\/title>\n<meta name=\"description\" content=\"W tej kr\u00f3tkiej, ale ekscytuj\u0105cej przygodzie mamy du\u017c\u0105 szans\u0119 zobaczy\u0107 delfiny. Z doskona\u0142\u0105 kolacj\u0105 na pok\u0142adzie, do\u015bwiadczenie z tej przygody b\u0119dzie jeszcze wi\u0119ksze. Organizujemy t\u0119 wycieczk\u0119 od poniedzia\u0142ku do czwartku w godzinach 18:30 - 21:30.\" \/>\n<meta name=\"robots\" content=\"index, follow, max-snippet:-1, max-image-preview:large, max-video-preview:-1\" \/>\n<link rel=\"canonical\" href=\"https:\/\/dolphinexcursions.eu\/pl\/novalja\/\" \/>\n<meta property=\"og:locale\" content=\"pl_PL\" \/>\n<meta property=\"og:type\" content=\"article\" \/>\n<meta property=\"og:title\" content=\"Przygoda na \u0142odzi, Poszukiwanie delfin\u00f3w | Wycieczki z delfinami Novalja,Wieczorny panoramiczny wycieczka.\" \/>\n<meta property=\"og:description\" content=\"W tej kr\u00f3tkiej, ale ekscytuj\u0105cej przygodzie mamy du\u017c\u0105 szans\u0119 zobaczy\u0107 delfiny. Z doskona\u0142\u0105 kolacj\u0105 na pok\u0142adzie, do\u015bwiadczenie z tej przygody b\u0119dzie jeszcze wi\u0119ksze. Organizujemy t\u0119 wycieczk\u0119 od poniedzia\u0142ku do czwartku w godzinach 18:30 - 21:30.\" \/>\n<meta property=\"og:url\" content=\"https:\/\/dolphinexcursions.eu\/pl\/novalja\/\" \/>\n<meta property=\"og:site_name\" content=\"Dolphin Excursions Novalja\" \/>\n<meta property=\"article:modified_time\" content=\"2024-06-25T13:40:27+00:00\" \/>\n<meta property=\"og:image\" content=\"https:\/\/dolphinexcursions.eu\/wp-content\/uploads\/2021\/02\/kontakt-featured.jpg\" \/>\n\t<meta property=\"og:image:width\" content=\"1920\" \/>\n\t<meta property=\"og:image:height\" content=\"1278\" \/>\n\t<meta property=\"og:image:type\" content=\"image\/jpeg\" \/>\n<meta name=\"twitter:card\" content=\"summary_large_image\" \/>\n<meta name=\"twitter:label1\" content=\"Szacowany czas czytania\" \/>\n\t<meta name=\"twitter:data1\" content=\"1 minuta\" \/>\n<script type=\"application\/ld+json\" class=\"yoast-schema-graph\">{\"@context\":\"https:\/\/schema.org\",\"@graph\":[{\"@type\":\"WebPage\",\"@id\":\"https:\/\/dolphinexcursions.eu\/pl\/novalja\/\",\"url\":\"https:\/\/dolphinexcursions.eu\/pl\/novalja\/\",\"name\":\"Przygoda na \u0142odzi, Poszukiwanie delfin\u00f3w | Wycieczki z delfinami Novalja,Wieczorny panoramiczny wycieczka.\",\"isPartOf\":{\"@id\":\"https:\/\/dolphinexcursions.eu\/pl\/#website\"},\"datePublished\":\"2021-03-03T10:53:12+00:00\",\"dateModified\":\"2024-06-25T13:40:27+00:00\",\"description\":\"W tej kr\u00f3tkiej, ale ekscytuj\u0105cej przygodzie mamy du\u017c\u0105 szans\u0119 zobaczy\u0107 delfiny. Z doskona\u0142\u0105 kolacj\u0105 na pok\u0142adzie, do\u015bwiadczenie z tej przygody b\u0119dzie jeszcze wi\u0119ksze. Organizujemy t\u0119 wycieczk\u0119 od poniedzia\u0142ku do czwartku w godzinach 18:30 - 21:30.\",\"breadcrumb\":{\"@id\":\"https:\/\/dolphinexcursions.eu\/pl\/novalja\/#breadcrumb\"},\"inLanguage\":\"pl-PL\",\"potentialAction\":[{\"@type\":\"ReadAction\",\"target\":[\"https:\/\/dolphinexcursions.eu\/pl\/novalja\/\"]}]},{\"@type\":\"BreadcrumbList\",\"@id\":\"https:\/\/dolphinexcursions.eu\/pl\/novalja\/#breadcrumb\",\"itemListElement\":[{\"@type\":\"ListItem\",\"position\":1,\"name\":\"Home\",\"item\":\"https:\/\/dolphinexcursions.eu\/pl\/\"},{\"@type\":\"ListItem\",\"position\":2,\"name\":\"W poszukiwaniu delfin\u00f3w\"}]},{\"@type\":\"WebSite\",\"@id\":\"https:\/\/dolphinexcursions.eu\/pl\/#website\",\"url\":\"https:\/\/dolphinexcursions.eu\/pl\/\",\"name\":\"Dolphin Excursions Novalja\",\"description\":\"Izleti brodom Olib, Silba, Ilovik, Lo\u0161inj\",\"potentialAction\":[{\"@type\":\"SearchAction\",\"target\":{\"@type\":\"EntryPoint\",\"urlTemplate\":\"https:\/\/dolphinexcursions.eu\/pl\/?s={search_term_string}\"},\"query-input\":\"required name=search_term_string\"}],\"inLanguage\":\"pl-PL\"}]}<\/script>\n<!-- \/ Yoast SEO plugin. -->","yoast_head_json":{"title":"Przygoda na \u0142odzi, Poszukiwanie delfin\u00f3w | Wycieczki z delfinami Novalja,Wieczorny panoramiczny wycieczka.","description":"W tej kr\u00f3tkiej, ale ekscytuj\u0105cej przygodzie mamy du\u017c\u0105 szans\u0119 zobaczy\u0107 delfiny. Z doskona\u0142\u0105 kolacj\u0105 na pok\u0142adzie, do\u015bwiadczenie z tej przygody b\u0119dzie jeszcze wi\u0119ksze. Organizujemy t\u0119 wycieczk\u0119 od poniedzia\u0142ku do czwartku w godzinach 18:30 - 21:30.","robots":{"index":"index","follow":"follow","max-snippet":"max-snippet:-1","max-image-preview":"max-image-preview:large","max-video-preview":"max-video-preview:-1"},"canonical":"https:\/\/dolphinexcursions.eu\/pl\/novalja\/","og_locale":"pl_PL","og_type":"article","og_title":"Przygoda na \u0142odzi, Poszukiwanie delfin\u00f3w | Wycieczki z delfinami Novalja,Wieczorny panoramiczny wycieczka.","og_description":"W tej kr\u00f3tkiej, ale ekscytuj\u0105cej przygodzie mamy du\u017c\u0105 szans\u0119 zobaczy\u0107 delfiny. Z doskona\u0142\u0105 kolacj\u0105 na pok\u0142adzie, do\u015bwiadczenie z tej przygody b\u0119dzie jeszcze wi\u0119ksze. Organizujemy t\u0119 wycieczk\u0119 od poniedzia\u0142ku do czwartku w godzinach 18:30 - 21:30.","og_url":"https:\/\/dolphinexcursions.eu\/pl\/novalja\/","og_site_name":"Dolphin Excursions Novalja","article_modified_time":"2024-06-25T13:40:27+00:00","og_image":[{"width":1920,"height":1278,"url":"https:\/\/dolphinexcursions.eu\/wp-content\/uploads\/2021\/02\/kontakt-featured.jpg","type":"image\/jpeg"}],"twitter_card":"summary_large_image","twitter_misc":{"Szacowany czas czytania":"1 minuta"},"schema":{"@context":"https:\/\/schema.org","@graph":[{"@type":"WebPage","@id":"https:\/\/dolphinexcursions.eu\/pl\/novalja\/","url":"https:\/\/dolphinexcursions.eu\/pl\/novalja\/","name":"Przygoda na \u0142odzi, Poszukiwanie delfin\u00f3w | Wycieczki z delfinami Novalja,Wieczorny panoramiczny wycieczka.","isPartOf":{"@id":"https:\/\/dolphinexcursions.eu\/pl\/#website"},"datePublished":"2021-03-03T10:53:12+00:00","dateModified":"2024-06-25T13:40:27+00:00","description":"W tej kr\u00f3tkiej, ale ekscytuj\u0105cej przygodzie mamy du\u017c\u0105 szans\u0119 zobaczy\u0107 delfiny. Z doskona\u0142\u0105 kolacj\u0105 na pok\u0142adzie, do\u015bwiadczenie z tej przygody b\u0119dzie jeszcze wi\u0119ksze. Organizujemy t\u0119 wycieczk\u0119 od poniedzia\u0142ku do czwartku w godzinach 18:30 - 21:30.","breadcrumb":{"@id":"https:\/\/dolphinexcursions.eu\/pl\/novalja\/#breadcrumb"},"inLanguage":"pl-PL","potentialAction":[{"@type":"ReadAction","target":["https:\/\/dolphinexcursions.eu\/pl\/novalja\/"]}]},{"@type":"BreadcrumbList","@id":"https:\/\/dolphinexcursions.eu\/pl\/novalja\/#breadcrumb","itemListElement":[{"@type":"ListItem","position":1,"name":"Home","item":"https:\/\/dolphinexcursions.eu\/pl\/"},{"@type":"ListItem","position":2,"name":"W poszukiwaniu delfin\u00f3w"}]},{"@type":"WebSite","@id":"https:\/\/dolphinexcursions.eu\/pl\/#website","url":"https:\/\/dolphinexcursions.eu\/pl\/","name":"Dolphin Excursions Novalja","description":"Izleti brodom Olib, Silba, Ilovik, Lo\u0161inj","potentialAction":[{"@type":"SearchAction","target":{"@type":"EntryPoint","urlTemplate":"https:\/\/dolphinexcursions.eu\/pl\/?s={search_term_string}"},"query-input":"required name=search_term_string"}],"inLanguage":"pl-PL"}]}},"_links":{"self":[{"href":"https:\/\/dolphinexcursions.eu\/pl\/wp-json\/wp\/v2\/pages\/9295"}],"collection":[{"href":"https:\/\/dolphinexcursions.eu\/pl\/wp-json\/wp\/v2\/pages"}],"about":[{"href":"https:\/\/dolphinexcursions.eu\/pl\/wp-json\/wp\/v2\/types\/page"}],"author":[{"embeddable":true,"href":"https:\/\/dolphinexcursions.eu\/pl\/wp-json\/wp\/v2\/users\/2"}],"replies":[{"embeddable":true,"href":"https:\/\/dolphinexcursions.eu\/pl\/wp-json\/wp\/v2\/comments?post=9295"}],"version-history":[{"count":15,"href":"https:\/\/dolphinexcursions.eu\/pl\/wp-json\/wp\/v2\/pages\/9295\/revisions"}],"predecessor-version":[{"id":11093,"href":"https:\/\/dolphinexcursions.eu\/pl\/wp-json\/wp\/v2\/pages\/9295\/revisions\/11093"}],"wp:featuredmedia":[{"embeddable":true,"href":"https:\/\/dolphinexcursions.eu\/pl\/wp-json\/wp\/v2\/media\/8911"}],"wp:attachment":[{"href":"https:\/\/dolphinexcursions.eu\/pl\/wp-json\/wp\/v2\/media?parent=9295"}],"curies":[{"name":"wp","href":"https:\/\/api.w.org\/{rel}","templated":true}]}}