{"id":9259,"date":"2021-02-23T11:39:48","date_gmt":"2021-02-23T10:39:48","guid":{"rendered":"https:\/\/dolphinexcursions.eu\/izleti-ture\/"},"modified":"2022-08-09T16:28:31","modified_gmt":"2022-08-09T15:28:31","slug":"wycieczki","status":"publish","type":"page","link":"https:\/\/dolphinexcursions.eu\/pl\/wycieczki\/","title":{"rendered":"Wycieczki"},"content":{"rendered":"<p>[vc_row tlg_padding=&#8221;pb0&#8243;][vc_column]<div class=\"headings-title \"><div class=\"mb70 mb-xs-40 text-center\"><div  class=\"widgetsubtitle \">Izleti\/ture<\/div><div class=\"divider-wrap\"><i style=\"color:#f7c307!important;\" class=\"ti-heart\"><\/i><div class=\"tlg-divider tlg-divider-large\" style=\"background-color:#f7c307!important;\"><\/div><\/div><h5  class=\"widgettitle mb0\">Odkryj pi\u0119kno naszych wysp<\/h5><\/div><\/div>[\/vc_column][\/vc_row][vc_row tlg_padding=&#8221;pt0&#8243; tlg_text_align=&#8221;text-center&#8221; css=&#8221;.vc_custom_1614768583505{margin-bottom: 0px !important;padding-bottom: 80px !important;}&#8221;][vc_column width=&#8221;1\/3&#8243;]<div id=\"iconbox-69f5c189417db\" class=\"   \"><div class=\"icon-link\"><div class=\"boxed boxed-intro boxed-animate animate-center relative mb0 inner-title hover-reveal  boxed-image\">\n\t\t\t\t\t\t\t<div class=\"icon-image\"><span class=\"ti-pin behind-icon\"><\/span><img src=\"https:\/\/dolphinexcursions.eu\/wp-content\/uploads\/2021\/02\/IMG-20210211-WA0021-600x600.jpg\" alt=\"icon-image\" \/><div class=\"image-overlay\"><div class=\"image-overlay-inner\">\n    \t\t\t\t\t\t<i style=\"color:#31aafe;\" class=\"ti-pin\"><\/i><h2  class=\"widgettitle\">Silba - Olib<\/h2><div  class=\"widgetsubtitle\">Izlet<\/div><\/div><\/div><\/div>\n\t\t\t\t\t\t\t<div class=\"title\"><i class=\"ti-pin  white-color inline-block mb24 icon-text\"><\/i>\n\t\t\t\t\t\t\t\t<h2  class=\"widgettitle\">Silba - Olib<\/h2><div  class=\"icon-content\"><p>Je\u015bli zdecydujesz si\u0119 na wycieczk\u0119 razem z nami odkryjesz pi\u0119kno wspania\u0142ych wysp Olib i Silba.<\/p>\n<\/div><a  id=\"btn-69f5c189417dc\" class=\"btn btn-filled btn-light btn-rounded    btn-sm-sm text-center mr-0 mb0 mt8\" href= \"https:\/\/dolphinexcursions.eu\/pl\/silba-olib\/\" target=\"_self\" >Wi\u0119cej szczeg\u00f3\u0142\u00f3w<i class=\"ti-angle-right\"><\/i><\/a>\n\t\t\t\t\t\t\t<\/div>\n\t\t\t\t\t\t<\/div><\/div><\/div><script type=\"text\/javascript\">jQuery(document).ready(function(){jQuery('head').append('<style type=\"text\/css\" id=\"tlg-custom-css-iconbox-69f5c189417db\">#iconbox-69f5c189417db .boxed-icon:hover{background-color:#31aafe!important;}#iconbox-69f5c189417db .boxed-animate:before{background-color:#31aafe!important;}#iconbox-69f5c189417db .boxed.boxed-intro.boxed-scroll .title{background-color:#31aafe!important;}#iconbox-69f5c189417db .boxed.boxed-intro.boxed-scroll .icon-image .image-overlay-inner .widgettitle:before{background-color:#31aafe!important;}#iconbox-69f5c189417db .animate-center .image-overlay-inner .widgettitle:before{background-color:#31aafe!important;}<\/style>');});<\/script>[\/vc_column][vc_column width=&#8221;1\/3&#8243;]<div id=\"iconbox-69f5c18941a12\" class=\"   \"><div class=\"icon-link\"><div class=\"boxed boxed-intro boxed-animate animate-center relative mb0 inner-title hover-reveal  boxed-image\">\n\t\t\t\t\t\t\t<div class=\"icon-image\"><span class=\"ti-pin behind-icon\"><\/span><img src=\"https:\/\/dolphinexcursions.eu\/wp-content\/uploads\/2021\/02\/IMG-20210211-WA0015-600x600.jpg\" alt=\"icon-image\" \/><div class=\"image-overlay\"><div class=\"image-overlay-inner\">\n    \t\t\t\t\t\t<i style=\"color:#f7c307;\" class=\"ti-pin\"><\/i><h2  class=\"widgettitle\">Veli Lo\u0161inj - Ilovik<\/h2><div  class=\"widgetsubtitle\">Izlet<\/div><\/div><\/div><\/div>\n\t\t\t\t\t\t\t<div class=\"title\"><i class=\"ti-pin  white-color inline-block mb24 icon-text\"><\/i>\n\t\t\t\t\t\t\t\t<h2  class=\"widgettitle\">Veli Lo\u0161inj - Ilovik<\/h2><div  class=\"icon-content\"><p>Nasza specjalna oferta obowi\u0105zuj\u0105ca tylko w pi\u0105tki: W ka\u017cdy pi\u0105tek statek wyp\u0142ywa z g\u0142\u00f3wnego portu Novalja do Ilovik i Veli Lo\u0161inj.<\/p>\n<\/div><a  id=\"btn-69f5c18941a13\" class=\"btn btn-filled btn-light btn-rounded    btn-sm-sm text-center mr-0 mb0 mt8\" href= \"https:\/\/dolphinexcursions.eu\/pl\/mali-losinj-ilovik\/\" target=\"_self\" >Wi\u0119cej szczeg\u00f3\u0142\u00f3w<i class=\"ti-angle-right\"><\/i><\/a>\n\t\t\t\t\t\t\t<\/div>\n\t\t\t\t\t\t<\/div><\/div><\/div><script type=\"text\/javascript\">jQuery(document).ready(function(){jQuery('head').append('<style type=\"text\/css\" id=\"tlg-custom-css-iconbox-69f5c18941a12\">#iconbox-69f5c18941a12 .boxed-icon:hover{background-color:#f7c307!important;}#iconbox-69f5c18941a12 .boxed-animate:before{background-color:#f7c307!important;}#iconbox-69f5c18941a12 .boxed.boxed-intro.boxed-scroll .title{background-color:#f7c307!important;}#iconbox-69f5c18941a12 .boxed.boxed-intro.boxed-scroll .icon-image .image-overlay-inner .widgettitle:before{background-color:#f7c307!important;}#iconbox-69f5c18941a12 .animate-center .image-overlay-inner .widgettitle:before{background-color:#f7c307!important;}<\/style>');});<\/script>[\/vc_column][vc_column width=&#8221;1\/3&#8243;]<div id=\"iconbox-69f5c18941bee\" class=\"   \"><div class=\"icon-link\"><div class=\"boxed boxed-intro boxed-animate animate-center relative mb0 inner-title hover-reveal  boxed-image\">\n\t\t\t\t\t\t\t<div class=\"icon-image\"><span class=\"ti-pin behind-icon\"><\/span><img src=\"https:\/\/dolphinexcursions.eu\/wp-content\/uploads\/2021\/03\/novalja-back-600x600.jpg\" alt=\"icon-image\" \/><div class=\"image-overlay\"><div class=\"image-overlay-inner\">\n    \t\t\t\t\t\t<i style=\"color:#31aafe;\" class=\"ti-pin\"><\/i><h2  class=\"widgettitle\">Novalja<\/h2><div  class=\"widgetsubtitle\">Izlet<\/div><\/div><\/div><\/div>\n\t\t\t\t\t\t\t<div class=\"title\"><i class=\"ti-pin  white-color inline-block mb24 icon-text\"><\/i>\n\t\t\t\t\t\t\t\t<h2  class=\"widgettitle\">Novalja<\/h2><div  class=\"icon-content\"><p>W tej kr\u00f3tkiej, ale ekscytuj\u0105cej przygodzie poszukujemy delfin\u00f3w z 50% szans\u0105 na zobaczenie delfin\u00f3w.(<span style=\"color: #666666; font-family: Consolas, Monaco, 'Lucida Console', monospace; font-size: 0.857143rem;\">obecnie niedost\u0119pny)<\/span><\/p>\n<\/div><a  id=\"btn-69f5c18941bef\" class=\"btn btn-filled btn-light btn-rounded    btn-sm-sm text-center mr-0 mb0 mt8\" href= \"https:\/\/dolphinexcursions.eu\/pl\/novalja\/\" target=\"_self\" >Wi\u0119cej szczeg\u00f3\u0142\u00f3w<i class=\"ti-angle-right\"><\/i><\/a>\n\t\t\t\t\t\t\t<\/div>\n\t\t\t\t\t\t<\/div><\/div><\/div><script type=\"text\/javascript\">jQuery(document).ready(function(){jQuery('head').append('<style type=\"text\/css\" id=\"tlg-custom-css-iconbox-69f5c18941bee\">#iconbox-69f5c18941bee .boxed-icon:hover{background-color:#31aafe!important;}#iconbox-69f5c18941bee .boxed-animate:before{background-color:#31aafe!important;}#iconbox-69f5c18941bee .boxed.boxed-intro.boxed-scroll .title{background-color:#31aafe!important;}#iconbox-69f5c18941bee .boxed.boxed-intro.boxed-scroll .icon-image .image-overlay-inner .widgettitle:before{background-color:#31aafe!important;}#iconbox-69f5c18941bee .animate-center .image-overlay-inner .widgettitle:before{background-color:#31aafe!important;}<\/style>');});<\/script>[\/vc_column][\/vc_row]<\/p>\n","protected":false},"excerpt":{"rendered":"<p>[vc_row tlg_padding=&#8221;pb0&#8243;][vc_column][\/vc_column][\/vc_row][vc_row tlg_padding=&#8221;pt0&#8243; tlg_text_align=&#8221;text-center&#8221; css=&#8221;.vc_custom_1614768583505{margin-bottom: 0px !important;padding-bottom: 80px !important;}&#8221;][vc_column width=&#8221;1\/3&#8243;][\/vc_column][vc_column width=&#8221;1\/3&#8243;][\/vc_column][vc_column width=&#8221;1\/3&#8243;][\/vc_column][\/vc_row]<\/p>\n","protected":false},"author":2,"featured_media":8911,"parent":0,"menu_order":0,"comment_status":"closed","ping_status":"closed","template":"","meta":[],"yoast_head":"<!-- This site is optimized with the Yoast SEO plugin v19.9 - https:\/\/yoast.com\/wordpress\/plugins\/seo\/ -->\n<title>Wycieczki - Dolphin Excursions Novalja<\/title>\n<meta name=\"robots\" content=\"index, follow, max-snippet:-1, max-image-preview:large, max-video-preview:-1\" \/>\n<link rel=\"canonical\" href=\"https:\/\/dolphinexcursions.eu\/pl\/wycieczki\/\" \/>\n<meta property=\"og:locale\" content=\"pl_PL\" \/>\n<meta property=\"og:type\" content=\"article\" \/>\n<meta property=\"og:title\" content=\"Wycieczki - Dolphin Excursions Novalja\" \/>\n<meta property=\"og:description\" content=\"[vc_row tlg_padding=&#8221;pb0&#8243;][vc_column][\/vc_column][\/vc_row][vc_row tlg_padding=&#8221;pt0&#8243; tlg_text_align=&#8221;text-center&#8221; css=&#8221;.vc_custom_1614768583505{margin-bottom: 0px !important;padding-bottom: 80px !important;}&#8221;][vc_column width=&#8221;1\/3&#8243;][\/vc_column][vc_column width=&#8221;1\/3&#8243;][\/vc_column][vc_column width=&#8221;1\/3&#8243;][\/vc_column][\/vc_row]\" \/>\n<meta property=\"og:url\" content=\"https:\/\/dolphinexcursions.eu\/pl\/wycieczki\/\" \/>\n<meta property=\"og:site_name\" content=\"Dolphin Excursions Novalja\" \/>\n<meta property=\"article:modified_time\" content=\"2022-08-09T15:28:31+00:00\" \/>\n<meta property=\"og:image\" content=\"https:\/\/dolphinexcursions.eu\/wp-content\/uploads\/2021\/02\/kontakt-featured.jpg\" \/>\n\t<meta property=\"og:image:width\" content=\"1920\" \/>\n\t<meta property=\"og:image:height\" content=\"1278\" \/>\n\t<meta property=\"og:image:type\" content=\"image\/jpeg\" \/>\n<meta name=\"twitter:card\" content=\"summary_large_image\" \/>\n<meta name=\"twitter:label1\" content=\"Szacowany czas czytania\" \/>\n\t<meta name=\"twitter:data1\" content=\"2 minuty\" \/>\n<script type=\"application\/ld+json\" class=\"yoast-schema-graph\">{\"@context\":\"https:\/\/schema.org\",\"@graph\":[{\"@type\":\"WebPage\",\"@id\":\"https:\/\/dolphinexcursions.eu\/pl\/wycieczki\/\",\"url\":\"https:\/\/dolphinexcursions.eu\/pl\/wycieczki\/\",\"name\":\"Wycieczki - Dolphin Excursions Novalja\",\"isPartOf\":{\"@id\":\"https:\/\/dolphinexcursions.eu\/pl\/#website\"},\"datePublished\":\"2021-02-23T10:39:48+00:00\",\"dateModified\":\"2022-08-09T15:28:31+00:00\",\"breadcrumb\":{\"@id\":\"https:\/\/dolphinexcursions.eu\/pl\/wycieczki\/#breadcrumb\"},\"inLanguage\":\"pl-PL\",\"potentialAction\":[{\"@type\":\"ReadAction\",\"target\":[\"https:\/\/dolphinexcursions.eu\/pl\/wycieczki\/\"]}]},{\"@type\":\"BreadcrumbList\",\"@id\":\"https:\/\/dolphinexcursions.eu\/pl\/wycieczki\/#breadcrumb\",\"itemListElement\":[{\"@type\":\"ListItem\",\"position\":1,\"name\":\"Home\",\"item\":\"https:\/\/dolphinexcursions.eu\/pl\/\"},{\"@type\":\"ListItem\",\"position\":2,\"name\":\"Wycieczki\"}]},{\"@type\":\"WebSite\",\"@id\":\"https:\/\/dolphinexcursions.eu\/pl\/#website\",\"url\":\"https:\/\/dolphinexcursions.eu\/pl\/\",\"name\":\"Dolphin Excursions Novalja\",\"description\":\"Izleti brodom Olib, Silba, Ilovik, Lo\u0161inj\",\"potentialAction\":[{\"@type\":\"SearchAction\",\"target\":{\"@type\":\"EntryPoint\",\"urlTemplate\":\"https:\/\/dolphinexcursions.eu\/pl\/?s={search_term_string}\"},\"query-input\":\"required name=search_term_string\"}],\"inLanguage\":\"pl-PL\"}]}<\/script>\n<!-- \/ Yoast SEO plugin. -->","yoast_head_json":{"title":"Wycieczki - Dolphin Excursions Novalja","robots":{"index":"index","follow":"follow","max-snippet":"max-snippet:-1","max-image-preview":"max-image-preview:large","max-video-preview":"max-video-preview:-1"},"canonical":"https:\/\/dolphinexcursions.eu\/pl\/wycieczki\/","og_locale":"pl_PL","og_type":"article","og_title":"Wycieczki - Dolphin Excursions Novalja","og_description":"[vc_row tlg_padding=&#8221;pb0&#8243;][vc_column][\/vc_column][\/vc_row][vc_row tlg_padding=&#8221;pt0&#8243; tlg_text_align=&#8221;text-center&#8221; css=&#8221;.vc_custom_1614768583505{margin-bottom: 0px !important;padding-bottom: 80px !important;}&#8221;][vc_column width=&#8221;1\/3&#8243;][\/vc_column][vc_column width=&#8221;1\/3&#8243;][\/vc_column][vc_column width=&#8221;1\/3&#8243;][\/vc_column][\/vc_row]","og_url":"https:\/\/dolphinexcursions.eu\/pl\/wycieczki\/","og_site_name":"Dolphin Excursions Novalja","article_modified_time":"2022-08-09T15:28:31+00:00","og_image":[{"width":1920,"height":1278,"url":"https:\/\/dolphinexcursions.eu\/wp-content\/uploads\/2021\/02\/kontakt-featured.jpg","type":"image\/jpeg"}],"twitter_card":"summary_large_image","twitter_misc":{"Szacowany czas czytania":"2 minuty"},"schema":{"@context":"https:\/\/schema.org","@graph":[{"@type":"WebPage","@id":"https:\/\/dolphinexcursions.eu\/pl\/wycieczki\/","url":"https:\/\/dolphinexcursions.eu\/pl\/wycieczki\/","name":"Wycieczki - Dolphin Excursions Novalja","isPartOf":{"@id":"https:\/\/dolphinexcursions.eu\/pl\/#website"},"datePublished":"2021-02-23T10:39:48+00:00","dateModified":"2022-08-09T15:28:31+00:00","breadcrumb":{"@id":"https:\/\/dolphinexcursions.eu\/pl\/wycieczki\/#breadcrumb"},"inLanguage":"pl-PL","potentialAction":[{"@type":"ReadAction","target":["https:\/\/dolphinexcursions.eu\/pl\/wycieczki\/"]}]},{"@type":"BreadcrumbList","@id":"https:\/\/dolphinexcursions.eu\/pl\/wycieczki\/#breadcrumb","itemListElement":[{"@type":"ListItem","position":1,"name":"Home","item":"https:\/\/dolphinexcursions.eu\/pl\/"},{"@type":"ListItem","position":2,"name":"Wycieczki"}]},{"@type":"WebSite","@id":"https:\/\/dolphinexcursions.eu\/pl\/#website","url":"https:\/\/dolphinexcursions.eu\/pl\/","name":"Dolphin Excursions Novalja","description":"Izleti brodom Olib, Silba, Ilovik, Lo\u0161inj","potentialAction":[{"@type":"SearchAction","target":{"@type":"EntryPoint","urlTemplate":"https:\/\/dolphinexcursions.eu\/pl\/?s={search_term_string}"},"query-input":"required name=search_term_string"}],"inLanguage":"pl-PL"}]}},"_links":{"self":[{"href":"https:\/\/dolphinexcursions.eu\/pl\/wp-json\/wp\/v2\/pages\/9259"}],"collection":[{"href":"https:\/\/dolphinexcursions.eu\/pl\/wp-json\/wp\/v2\/pages"}],"about":[{"href":"https:\/\/dolphinexcursions.eu\/pl\/wp-json\/wp\/v2\/types\/page"}],"author":[{"embeddable":true,"href":"https:\/\/dolphinexcursions.eu\/pl\/wp-json\/wp\/v2\/users\/2"}],"replies":[{"embeddable":true,"href":"https:\/\/dolphinexcursions.eu\/pl\/wp-json\/wp\/v2\/comments?post=9259"}],"version-history":[{"count":6,"href":"https:\/\/dolphinexcursions.eu\/pl\/wp-json\/wp\/v2\/pages\/9259\/revisions"}],"predecessor-version":[{"id":10241,"href":"https:\/\/dolphinexcursions.eu\/pl\/wp-json\/wp\/v2\/pages\/9259\/revisions\/10241"}],"wp:featuredmedia":[{"embeddable":true,"href":"https:\/\/dolphinexcursions.eu\/pl\/wp-json\/wp\/v2\/media\/8911"}],"wp:attachment":[{"href":"https:\/\/dolphinexcursions.eu\/pl\/wp-json\/wp\/v2\/media?parent=9259"}],"curies":[{"name":"wp","href":"https:\/\/api.w.org\/{rel}","templated":true}]}}