{"id":9253,"date":"2021-02-23T11:39:48","date_gmt":"2021-02-23T10:39:48","guid":{"rendered":"https:\/\/dolphinexcursions.eu\/izleti-ture\/"},"modified":"2022-08-09T16:30:40","modified_gmt":"2022-08-09T15:30:40","slug":"ausfluege","status":"publish","type":"page","link":"https:\/\/dolphinexcursions.eu\/de\/ausfluege\/","title":{"rendered":"Ausfl\u00fcge"},"content":{"rendered":"<p>[vc_row tlg_padding=&#8220;pb0&#8243;][vc_column]<div class=\"headings-title \"><div class=\"mb70 mb-xs-40 text-center\"><div  class=\"widgetsubtitle \">Ausfl\u00fcge<\/div><div class=\"divider-wrap\"><i style=\"color:#f7c307!important;\" class=\"ti-heart\"><\/i><div class=\"tlg-divider tlg-divider-large\" style=\"background-color:#f7c307!important;\"><\/div><\/div><h5  class=\"widgettitle mb0\">Entdecken Sie die Sch\u00f6nheit unserer Inseln<\/h5><\/div><\/div>[\/vc_column][\/vc_row][vc_row tlg_padding=&#8220;pt0&#8243; tlg_text_align=&#8220;text-center&#8220; css=&#8220;.vc_custom_1614768583505{margin-bottom: 0px !important;padding-bottom: 80px !important;}&#8220;][vc_column width=&#8220;1\/3&#8243;]<div id=\"iconbox-69f2c9c828c16\" class=\"   \"><div class=\"icon-link\"><div class=\"boxed boxed-intro boxed-animate animate-center relative mb0 inner-title hover-reveal  boxed-image\">\n\t\t\t\t\t\t\t<div class=\"icon-image\"><span class=\"ti-pin behind-icon\"><\/span><img src=\"https:\/\/dolphinexcursions.eu\/wp-content\/uploads\/2021\/02\/IMG-20210211-WA0021-600x600.jpg\" alt=\"icon-image\" \/><div class=\"image-overlay\"><div class=\"image-overlay-inner\">\n    \t\t\t\t\t\t<i style=\"color:#31aafe;\" class=\"ti-pin\"><\/i><h2  class=\"widgettitle\">Silba - Olib<\/h2><div  class=\"widgetsubtitle\">Izlet<\/div><\/div><\/div><\/div>\n\t\t\t\t\t\t\t<div class=\"title\"><i class=\"ti-pin  white-color inline-block mb24 icon-text\"><\/i>\n\t\t\t\t\t\t\t\t<h2  class=\"widgettitle\">Silba - Olib<\/h2><div  class=\"icon-content\"><p>Freitags bieten wir Ihnen ein Sonderangebot f\u00fcr einen Tagesausflug an.<\/p>\n<\/div><a  id=\"btn-69f2c9c828c17\" class=\"btn btn-filled btn-light btn-rounded    btn-sm-sm text-center mr-0 mb0 mt8\" href= \"https:\/\/dolphinexcursions.eu\/de\/silba-olib\/\" target=\"_self\" >Mehr Details<i class=\"ti-angle-right\"><\/i><\/a>\n\t\t\t\t\t\t\t<\/div>\n\t\t\t\t\t\t<\/div><\/div><\/div><script type=\"text\/javascript\">jQuery(document).ready(function(){jQuery('head').append('<style type=\"text\/css\" id=\"tlg-custom-css-iconbox-69f2c9c828c16\">#iconbox-69f2c9c828c16 .boxed-icon:hover{background-color:#31aafe!important;}#iconbox-69f2c9c828c16 .boxed-animate:before{background-color:#31aafe!important;}#iconbox-69f2c9c828c16 .boxed.boxed-intro.boxed-scroll .title{background-color:#31aafe!important;}#iconbox-69f2c9c828c16 .boxed.boxed-intro.boxed-scroll .icon-image .image-overlay-inner .widgettitle:before{background-color:#31aafe!important;}#iconbox-69f2c9c828c16 .animate-center .image-overlay-inner .widgettitle:before{background-color:#31aafe!important;}<\/style>');});<\/script>[\/vc_column][vc_column width=&#8220;1\/3&#8243;]<div id=\"iconbox-69f2c9c828e5a\" class=\"   \"><div class=\"icon-link\"><div class=\"boxed boxed-intro boxed-animate animate-center relative mb0 inner-title hover-reveal  boxed-image\">\n\t\t\t\t\t\t\t<div class=\"icon-image\"><span class=\"ti-pin behind-icon\"><\/span><img src=\"https:\/\/dolphinexcursions.eu\/wp-content\/uploads\/2021\/02\/IMG-20210211-WA0015-600x600.jpg\" alt=\"icon-image\" \/><div class=\"image-overlay\"><div class=\"image-overlay-inner\">\n    \t\t\t\t\t\t<i style=\"color:#f7c307;\" class=\"ti-pin\"><\/i><h2  class=\"widgettitle\">Veli Lo\u0161inj - Ilovik<\/h2><div  class=\"widgetsubtitle\">Izlet<\/div><\/div><\/div><\/div>\n\t\t\t\t\t\t\t<div class=\"title\"><i class=\"ti-pin  white-color inline-block mb24 icon-text\"><\/i>\n\t\t\t\t\t\t\t\t<h2  class=\"widgettitle\">Veli Lo\u0161inj - Ilovik<\/h2><div  class=\"icon-content\"><p>Wenn Sie m\u00f6chten, k\u00f6nnen Sie die Sch\u00f6nheiten unserer Inseln Veli Lo\u0161inj und Ilovik kennenlernen Entscheiden Sie sich f\u00fcr eine Reise mit unserem Boot KIT-KAT.<\/p>\n<\/div><a  id=\"btn-69f2c9c828e5b\" class=\"btn btn-filled btn-light btn-rounded    btn-sm-sm text-center mr-0 mb0 mt8\" href= \"https:\/\/dolphinexcursions.eu\/de\/mali-losinj-ilovik\/\" target=\"_self\" >Mehr Details<i class=\"ti-angle-right\"><\/i><\/a>\n\t\t\t\t\t\t\t<\/div>\n\t\t\t\t\t\t<\/div><\/div><\/div><script type=\"text\/javascript\">jQuery(document).ready(function(){jQuery('head').append('<style type=\"text\/css\" id=\"tlg-custom-css-iconbox-69f2c9c828e5a\">#iconbox-69f2c9c828e5a .boxed-icon:hover{background-color:#f7c307!important;}#iconbox-69f2c9c828e5a .boxed-animate:before{background-color:#f7c307!important;}#iconbox-69f2c9c828e5a .boxed.boxed-intro.boxed-scroll .title{background-color:#f7c307!important;}#iconbox-69f2c9c828e5a .boxed.boxed-intro.boxed-scroll .icon-image .image-overlay-inner .widgettitle:before{background-color:#f7c307!important;}#iconbox-69f2c9c828e5a .animate-center .image-overlay-inner .widgettitle:before{background-color:#f7c307!important;}<\/style>');});<\/script>[\/vc_column][vc_column width=&#8220;1\/3&#8243;]<div id=\"iconbox-69f2c9c82902f\" class=\"   \"><div class=\"icon-link\"><div class=\"boxed boxed-intro boxed-animate animate-center relative mb0 inner-title hover-reveal  boxed-image\">\n\t\t\t\t\t\t\t<div class=\"icon-image\"><span class=\"ti-pin behind-icon\"><\/span><img src=\"https:\/\/dolphinexcursions.eu\/wp-content\/uploads\/2021\/03\/novalja-back-600x600.jpg\" alt=\"icon-image\" \/><div class=\"image-overlay\"><div class=\"image-overlay-inner\">\n    \t\t\t\t\t\t<i style=\"color:#31aafe;\" class=\"ti-pin\"><\/i><h2  class=\"widgettitle\">Novalja<\/h2><div  class=\"widgetsubtitle\">Izlet<\/div><\/div><\/div><\/div>\n\t\t\t\t\t\t\t<div class=\"title\"><i class=\"ti-pin  white-color inline-block mb24 icon-text\"><\/i>\n\t\t\t\t\t\t\t\t<h2  class=\"widgettitle\">Novalja<\/h2><div  class=\"icon-content\"><p><span style=\"font-size: 1rem;\">(momentan nicht verf\u00fcgbar)<\/span>In diesem kurzen, aber aufregenden Abenteuer sind wir auf der Suche nach Delfinen mit einer 50% hohe Chance, Delfine zu sehen.<\/p>\n<\/div><a  id=\"btn-69f2c9c82903c\" class=\"btn btn-filled btn-light btn-rounded    btn-sm-sm text-center mr-0 mb0 mt8\" href= \"https:\/\/dolphinexcursions.eu\/de\/novalja\/\" target=\"_self\" >Mehr Details<i class=\"ti-angle-right\"><\/i><\/a>\n\t\t\t\t\t\t\t<\/div>\n\t\t\t\t\t\t<\/div><\/div><\/div><script type=\"text\/javascript\">jQuery(document).ready(function(){jQuery('head').append('<style type=\"text\/css\" id=\"tlg-custom-css-iconbox-69f2c9c82902f\">#iconbox-69f2c9c82902f .boxed-icon:hover{background-color:#31aafe!important;}#iconbox-69f2c9c82902f .boxed-animate:before{background-color:#31aafe!important;}#iconbox-69f2c9c82902f .boxed.boxed-intro.boxed-scroll .title{background-color:#31aafe!important;}#iconbox-69f2c9c82902f .boxed.boxed-intro.boxed-scroll .icon-image .image-overlay-inner .widgettitle:before{background-color:#31aafe!important;}#iconbox-69f2c9c82902f .animate-center .image-overlay-inner .widgettitle:before{background-color:#31aafe!important;}<\/style>');});<\/script>[\/vc_column][\/vc_row]<\/p>\n","protected":false},"excerpt":{"rendered":"<p>[vc_row tlg_padding=&#8220;pb0&#8243;][vc_column][\/vc_column][\/vc_row][vc_row tlg_padding=&#8220;pt0&#8243; tlg_text_align=&#8220;text-center&#8220; css=&#8220;.vc_custom_1614768583505{margin-bottom: 0px !important;padding-bottom: 80px !important;}&#8220;][vc_column width=&#8220;1\/3&#8243;][\/vc_column][vc_column width=&#8220;1\/3&#8243;][\/vc_column][vc_column width=&#8220;1\/3&#8243;][\/vc_column][\/vc_row]<\/p>\n","protected":false},"author":2,"featured_media":8909,"parent":0,"menu_order":0,"comment_status":"closed","ping_status":"closed","template":"","meta":[],"yoast_head":"<!-- This site is optimized with the Yoast SEO plugin v19.9 - https:\/\/yoast.com\/wordpress\/plugins\/seo\/ -->\n<title>Ausfl\u00fcge - Dolphin Excursions Novalja<\/title>\n<meta name=\"robots\" content=\"index, follow, max-snippet:-1, max-image-preview:large, max-video-preview:-1\" \/>\n<link rel=\"canonical\" href=\"https:\/\/dolphinexcursions.eu\/de\/ausfluege\/\" \/>\n<meta property=\"og:locale\" content=\"de_DE\" \/>\n<meta property=\"og:type\" content=\"article\" \/>\n<meta property=\"og:title\" content=\"Ausfl\u00fcge - Dolphin Excursions Novalja\" \/>\n<meta property=\"og:description\" content=\"[vc_row tlg_padding=&#8220;pb0&#8243;][vc_column][\/vc_column][\/vc_row][vc_row tlg_padding=&#8220;pt0&#8243; tlg_text_align=&#8220;text-center&#8220; css=&#8220;.vc_custom_1614768583505{margin-bottom: 0px !important;padding-bottom: 80px !important;}&#8220;][vc_column width=&#8220;1\/3&#8243;][\/vc_column][vc_column width=&#8220;1\/3&#8243;][\/vc_column][vc_column width=&#8220;1\/3&#8243;][\/vc_column][\/vc_row]\" \/>\n<meta property=\"og:url\" content=\"https:\/\/dolphinexcursions.eu\/de\/ausfluege\/\" \/>\n<meta property=\"og:site_name\" content=\"Dolphin Excursions Novalja\" \/>\n<meta property=\"article:modified_time\" content=\"2022-08-09T15:30:40+00:00\" \/>\n<meta property=\"og:image\" content=\"https:\/\/dolphinexcursions.eu\/wp-content\/uploads\/2021\/02\/kontakt-featured.jpg\" \/>\n\t<meta property=\"og:image:width\" content=\"1920\" \/>\n\t<meta property=\"og:image:height\" content=\"1278\" \/>\n\t<meta property=\"og:image:type\" content=\"image\/jpeg\" \/>\n<meta name=\"twitter:card\" content=\"summary_large_image\" \/>\n<meta name=\"twitter:label1\" content=\"Gesch\u00e4tzte Lesezeit\" \/>\n\t<meta name=\"twitter:data1\" content=\"2 Minuten\" \/>\n<script type=\"application\/ld+json\" class=\"yoast-schema-graph\">{\"@context\":\"https:\/\/schema.org\",\"@graph\":[{\"@type\":\"WebPage\",\"@id\":\"https:\/\/dolphinexcursions.eu\/de\/ausfluege\/\",\"url\":\"https:\/\/dolphinexcursions.eu\/de\/ausfluege\/\",\"name\":\"Ausfl\u00fcge - Dolphin Excursions Novalja\",\"isPartOf\":{\"@id\":\"https:\/\/dolphinexcursions.eu\/de\/#website\"},\"datePublished\":\"2021-02-23T10:39:48+00:00\",\"dateModified\":\"2022-08-09T15:30:40+00:00\",\"breadcrumb\":{\"@id\":\"https:\/\/dolphinexcursions.eu\/de\/ausfluege\/#breadcrumb\"},\"inLanguage\":\"de-DE\",\"potentialAction\":[{\"@type\":\"ReadAction\",\"target\":[\"https:\/\/dolphinexcursions.eu\/de\/ausfluege\/\"]}]},{\"@type\":\"BreadcrumbList\",\"@id\":\"https:\/\/dolphinexcursions.eu\/de\/ausfluege\/#breadcrumb\",\"itemListElement\":[{\"@type\":\"ListItem\",\"position\":1,\"name\":\"Home\",\"item\":\"https:\/\/dolphinexcursions.eu\/de\/\"},{\"@type\":\"ListItem\",\"position\":2,\"name\":\"Ausfl\u00fcge\"}]},{\"@type\":\"WebSite\",\"@id\":\"https:\/\/dolphinexcursions.eu\/de\/#website\",\"url\":\"https:\/\/dolphinexcursions.eu\/de\/\",\"name\":\"Dolphin Excursions Novalja\",\"description\":\"Izleti brodom Olib, Silba, Ilovik, Lo\u0161inj\",\"potentialAction\":[{\"@type\":\"SearchAction\",\"target\":{\"@type\":\"EntryPoint\",\"urlTemplate\":\"https:\/\/dolphinexcursions.eu\/de\/?s={search_term_string}\"},\"query-input\":\"required name=search_term_string\"}],\"inLanguage\":\"de-DE\"}]}<\/script>\n<!-- \/ Yoast SEO plugin. -->","yoast_head_json":{"title":"Ausfl\u00fcge - Dolphin Excursions Novalja","robots":{"index":"index","follow":"follow","max-snippet":"max-snippet:-1","max-image-preview":"max-image-preview:large","max-video-preview":"max-video-preview:-1"},"canonical":"https:\/\/dolphinexcursions.eu\/de\/ausfluege\/","og_locale":"de_DE","og_type":"article","og_title":"Ausfl\u00fcge - Dolphin Excursions Novalja","og_description":"[vc_row tlg_padding=&#8220;pb0&#8243;][vc_column][\/vc_column][\/vc_row][vc_row tlg_padding=&#8220;pt0&#8243; tlg_text_align=&#8220;text-center&#8220; css=&#8220;.vc_custom_1614768583505{margin-bottom: 0px !important;padding-bottom: 80px !important;}&#8220;][vc_column width=&#8220;1\/3&#8243;][\/vc_column][vc_column width=&#8220;1\/3&#8243;][\/vc_column][vc_column width=&#8220;1\/3&#8243;][\/vc_column][\/vc_row]","og_url":"https:\/\/dolphinexcursions.eu\/de\/ausfluege\/","og_site_name":"Dolphin Excursions Novalja","article_modified_time":"2022-08-09T15:30:40+00:00","og_image":[{"width":1920,"height":1278,"url":"https:\/\/dolphinexcursions.eu\/wp-content\/uploads\/2021\/02\/kontakt-featured.jpg","type":"image\/jpeg"}],"twitter_card":"summary_large_image","twitter_misc":{"Gesch\u00e4tzte Lesezeit":"2 Minuten"},"schema":{"@context":"https:\/\/schema.org","@graph":[{"@type":"WebPage","@id":"https:\/\/dolphinexcursions.eu\/de\/ausfluege\/","url":"https:\/\/dolphinexcursions.eu\/de\/ausfluege\/","name":"Ausfl\u00fcge - Dolphin Excursions Novalja","isPartOf":{"@id":"https:\/\/dolphinexcursions.eu\/de\/#website"},"datePublished":"2021-02-23T10:39:48+00:00","dateModified":"2022-08-09T15:30:40+00:00","breadcrumb":{"@id":"https:\/\/dolphinexcursions.eu\/de\/ausfluege\/#breadcrumb"},"inLanguage":"de-DE","potentialAction":[{"@type":"ReadAction","target":["https:\/\/dolphinexcursions.eu\/de\/ausfluege\/"]}]},{"@type":"BreadcrumbList","@id":"https:\/\/dolphinexcursions.eu\/de\/ausfluege\/#breadcrumb","itemListElement":[{"@type":"ListItem","position":1,"name":"Home","item":"https:\/\/dolphinexcursions.eu\/de\/"},{"@type":"ListItem","position":2,"name":"Ausfl\u00fcge"}]},{"@type":"WebSite","@id":"https:\/\/dolphinexcursions.eu\/de\/#website","url":"https:\/\/dolphinexcursions.eu\/de\/","name":"Dolphin Excursions Novalja","description":"Izleti brodom Olib, Silba, Ilovik, Lo\u0161inj","potentialAction":[{"@type":"SearchAction","target":{"@type":"EntryPoint","urlTemplate":"https:\/\/dolphinexcursions.eu\/de\/?s={search_term_string}"},"query-input":"required name=search_term_string"}],"inLanguage":"de-DE"}]}},"_links":{"self":[{"href":"https:\/\/dolphinexcursions.eu\/de\/wp-json\/wp\/v2\/pages\/9253"}],"collection":[{"href":"https:\/\/dolphinexcursions.eu\/de\/wp-json\/wp\/v2\/pages"}],"about":[{"href":"https:\/\/dolphinexcursions.eu\/de\/wp-json\/wp\/v2\/types\/page"}],"author":[{"embeddable":true,"href":"https:\/\/dolphinexcursions.eu\/de\/wp-json\/wp\/v2\/users\/2"}],"replies":[{"embeddable":true,"href":"https:\/\/dolphinexcursions.eu\/de\/wp-json\/wp\/v2\/comments?post=9253"}],"version-history":[{"count":8,"href":"https:\/\/dolphinexcursions.eu\/de\/wp-json\/wp\/v2\/pages\/9253\/revisions"}],"predecessor-version":[{"id":10242,"href":"https:\/\/dolphinexcursions.eu\/de\/wp-json\/wp\/v2\/pages\/9253\/revisions\/10242"}],"wp:featuredmedia":[{"embeddable":true,"href":"https:\/\/dolphinexcursions.eu\/de\/wp-json\/wp\/v2\/media\/8909"}],"wp:attachment":[{"href":"https:\/\/dolphinexcursions.eu\/de\/wp-json\/wp\/v2\/media?parent=9253"}],"curies":[{"name":"wp","href":"https:\/\/api.w.org\/{rel}","templated":true}]}}