{"id":9283,"date":"2021-03-03T11:53:12","date_gmt":"2021-03-03T10:53:12","guid":{"rendered":"https:\/\/dolphinexcursions.eu\/novalja\/"},"modified":"2024-06-25T14:36:20","modified_gmt":"2024-06-25T13:36:20","slug":"novalja","status":"publish","type":"page","link":"https:\/\/dolphinexcursions.eu\/cs\/novalja\/","title":{"rendered":"Panoramatick\u00fd ve\u010dern\u00ed v\u00fdlet."},"content":{"rendered":"<p>[vc_row el_id=&#8220;main&#8220;][vc_column]<section class=\"box-content image-standard  modal-video-wrap \">\n\t\t\t\t\t\t    <div class=\"container p0-sm-min\">\n\t\t\t\t\t\t        <div class=\"row vertical-flex\">\n\t\t\t\t\t\t            <div class=\"col-md-4 col-sm-5 mb-xs-24 p0-sm-min\"><h2  class=\"widgettitle mb8\">Panoramatick\u00fd ve\u010dern\u00ed v\u00fdlet.<\/h2><div class=\"primary-line\"><\/div><div class=\"intro-content-content\"><\/p>\n<div class=\"flex-1 overflow-hidden\">\n<div class=\"react-scroll-to-bottom--css-otweq-79elbk h-full\">\n<div class=\"react-scroll-to-bottom--css-otweq-1n7m0yu\">\n<div class=\"flex flex-col pb-9 text-sm\">\n<div class=\"w-full text-token-text-primary\" data-testid=\"conversation-turn-3\">\n<div class=\"px-4 py-2 justify-center text-base md:gap-6 m-auto\">\n<div class=\"flex flex-1 text-base mx-auto gap-3 md:px-5 lg:px-1 xl:px-5 md:max-w-3xl lg:max-w-[40rem] xl:max-w-[48rem] } group final-completion\">\n<div class=\"relative flex w-full flex-col lg:w-[calc(100%-115px)] agent-turn\">\n<div class=\"flex-col gap-1 md:gap-3\">\n<div class=\"flex flex-grow flex-col max-w-full\">\n<div class=\"min-h-[20px] text-message flex flex-col items-start gap-3 whitespace-pre-wrap break-words [.text-message+&amp;]:mt-5 overflow-x-auto\" data-message-author-role=\"assistant\" data-message-id=\"16268323-7940-4d93-8cd1-fdbd84295618\">\n<div class=\"markdown prose w-full break-words dark:prose-invert light\">\n<p>V t\u00e9to kr\u00e1tk\u00e9, ale vzru\u0161uj\u00edc\u00ed dobrodru\u017en\u00e9 akci m\u00e1me velkou \u0161anci vid\u011bt delf\u00edny. S vynikaj\u00edc\u00ed ve\u010de\u0159\u00ed na palub\u011b bude z\u00e1\u017eitek z t\u00e9to dobrodru\u017en\u00e9 cesty je\u0161t\u011b v\u011bt\u0161\u00ed. Tuto exkurzi po\u0159\u00e1d\u00e1me od pond\u011bl\u00ed do \u010dtvrtka od 18:30 do 21:30 hodin.<\/p>\n<\/div>\n<\/div>\n<\/div>\n<div class=\"mt-1 flex justify-start gap-3 empty:hidden\">\n<div class=\"text-gray-400 flex self-end lg:self-center justify-center lg:justify-start mt-0 gap-1 visible\">\n<p>&nbsp;<\/p>\n<div class=\"flex gap-1\"><\/div>\n<div class=\"flex items-center gap-1.5 text-xs\"><\/div>\n<\/div>\n<\/div>\n<\/div>\n<div class=\"absolute\">\n<div class=\"flex w-full gap-2 items-center justify-center\"><\/div>\n<\/div>\n<\/div>\n<\/div>\n<\/div>\n<\/div>\n<\/div>\n<\/div>\n<\/div>\n<\/div>\n<div class=\"w-full pt-2 md:pt-0 dark:border-white\/20 md:border-transparent md:dark:border-transparent md:w-[calc(100%-.5rem)]\">\n<form class=\"stretch mx-2 flex flex-row gap-3 last:mb-2 md:mx-4 md:last:mb-6 lg:mx-auto lg:max-w-2xl xl:max-w-3xl\">\n<div class=\"relative flex h-full flex-1 items-stretch md:flex-col\">\n<div class=\"flex w-full items-center\"><\/div>\n<\/div>\n<\/form>\n<\/div>\n<p>\n<\/div><\/div>\n\t\t\t\t\t\t            <div class=\"col-md-7 col-md-offset-1 col-sm-6 col-sm-offset-1 text-center p0-sm-min border-radius-m shadow-img\">\n\t\t\t\t\t\t            \t<div class=\"intro-image\"><img width=\"1024\" height=\"683\" src=\"https:\/\/dolphinexcursions.eu\/wp-content\/uploads\/2021\/03\/novalja-back.jpg\" class=\"attachment-full size-full\" alt=\"\" decoding=\"async\" loading=\"lazy\" srcset=\"https:\/\/dolphinexcursions.eu\/wp-content\/uploads\/2021\/03\/novalja-back.jpg 1024w, https:\/\/dolphinexcursions.eu\/wp-content\/uploads\/2021\/03\/novalja-back-300x200.jpg 300w, https:\/\/dolphinexcursions.eu\/wp-content\/uploads\/2021\/03\/novalja-back-768x512.jpg 768w\" sizes=\"(max-width: 1024px) 100vw, 1024px\" \/><div class=\"modal-video-mask\"><a data-modal=\"modal-69e05b2bae0d6\" class=\"md-trigger m0 play\" href= \"#\"><div class=\"play-button inline\"><\/div><\/a><\/div><\/div>\n\t\t\t\t\t\t            <\/div>\n\t\t\t\t\t\t        <\/div>\n\t\t\t\t\t\t    <\/div><div class=\"modal-button\"><div class=\"md-modal md-modal-7\" id=\"modal-69e05b2bae0d6\"><div class=\"md-content\"><div class=\"md-content-inner\"><iframe title=\"Novalja | Pag island | Croatia \/ Pointers Travel DMC \/ 4K Drone footage \/ Kroatien\" width=\"1170\" height=\"658\" src=\"https:\/\/www.youtube.com\/embed\/uFcP6VJQ91Y?feature=oembed\" frameborder=\"0\" allow=\"accelerometer; autoplay; clipboard-write; encrypted-media; gyroscope; picture-in-picture; web-share\" referrerpolicy=\"strict-origin-when-cross-origin\" allowfullscreen><\/iframe><\/div><\/div><div class=\"text-center\"><a class=\"md-close inline-block mt24\" href=\"#\"><i class=\"ti-close\"><\/i><\/a><\/div><\/div><div class=\"md-overlay\"><\/div><\/div>\n\t\t\t\t\t\t<\/section><script type=\"text\/javascript\">jQuery(document).ready(function(){jQuery('head').append('<style type=\"text\/css\" id=\"tlg-custom-css-btn-69e05b2bae0d5\">#btn-69e05b2bae0d5:hover{color:#565656!important;background:#f7c307!important;border-color:transparent!important;}<\/style>');});<\/script><div class=\"tlg-spacer  \" data-height=\"72\" data-height-tablet=\"72\" data-height-mobile=\"72\" style=\"clear:both;display:block;height:72px;\"><\/div><section class=\"box-content image-standard  modal-video-wrap \">\n\t\t\t\t\t\t    <div class=\"container p0-sm-min\">\n\t\t\t\t\t\t        <div class=\"row vertical-flex\">\n\t\t\t\t\t\t            <div class=\"col-md-7 col-sm-6 text-center mb-xs-24 p0-sm-min border-radius-m shadow-img\">\n\t\t\t\t\t\t            \t<div class=\"intro-image\"><img width=\"780\" height=\"520\" src=\"https:\/\/dolphinexcursions.eu\/wp-content\/uploads\/2021\/03\/delfin-novalja.jpg\" class=\"attachment-full size-full\" alt=\"\" decoding=\"async\" loading=\"lazy\" srcset=\"https:\/\/dolphinexcursions.eu\/wp-content\/uploads\/2021\/03\/delfin-novalja.jpg 780w, https:\/\/dolphinexcursions.eu\/wp-content\/uploads\/2021\/03\/delfin-novalja-300x200.jpg 300w, https:\/\/dolphinexcursions.eu\/wp-content\/uploads\/2021\/03\/delfin-novalja-768x512.jpg 768w\" sizes=\"(max-width: 780px) 100vw, 780px\" \/><div class=\"modal-video-mask\"><a data-modal=\"modal-69e05b2bcadf9\" class=\"md-trigger m0 play\" href= \"#\"><div class=\"play-button inline\"><\/div><\/a><\/div><\/div>\n\t\t\t\t\t\t            <\/div>\n\t\t\t\t\t\t            <div class=\"col-md-4 col-md-offset-1 col-sm-5 col-sm-offset-1 p0-sm-min\"><h2  class=\"widgettitle mb8\">Panoramatick\u00fd ve\u010dern\u00ed v\u00fdlet.<\/h2><div class=\"primary-line\"><\/div><div class=\"intro-content-content\"><p>D\u011bti do 5 let: <strong>zdarma<\/strong><\/p>\n<p>D\u011bti od 5 do 12 let: <strong>20 \u20ac<\/strong><\/p>\n<p>Dosp\u011bl\u00ed: <strong>40 \u20ac<\/strong><\/p>\n<\/div><a style=\"color:#565656;background:#f7c307;border-color:transparent;\" id=\"btn-69e05b2bcadf8\" class=\"btn btn-sm ti-angle-right  btn-sm-sm text-center mr-0 mb0 mt24\" href= \"https:\/\/dolphinexcursions.eu\/cs\/kontakt\/\" target=\"_self\" >Kontaktujte n\u00e1s<\/a><\/div>\n\t\t\t\t\t\t        <\/div>\n\t\t\t\t\t\t    <\/div><div class=\"modal-button\"><div class=\"md-modal md-modal-7\" id=\"modal-69e05b2bcadf9\"><div class=\"md-content\"><div class=\"md-content-inner\"><iframe title=\"Best Beaches On Island Pag 2019 - Croatia - Drone 4K\" width=\"1170\" height=\"658\" src=\"https:\/\/www.youtube.com\/embed\/Ra_dRG3P4gk?feature=oembed\" frameborder=\"0\" allow=\"accelerometer; autoplay; clipboard-write; encrypted-media; gyroscope; picture-in-picture; web-share\" referrerpolicy=\"strict-origin-when-cross-origin\" allowfullscreen><\/iframe><\/div><\/div><div class=\"text-center\"><a class=\"md-close inline-block mt24\" href=\"#\"><i class=\"ti-close\"><\/i><\/a><\/div><\/div><div class=\"md-overlay\"><\/div><\/div>\n\t\t\t\t\t\t<\/section><script type=\"text\/javascript\">jQuery(document).ready(function(){jQuery('head').append('<style type=\"text\/css\" id=\"tlg-custom-css-btn-69e05b2bcadf8\">#btn-69e05b2bcadf8:hover{color:#565656!important;background:#f7c307!important;border-color:transparent!important;}<\/style>');});<\/script>[\/vc_column][\/vc_row][vc_row][vc_column]<div class=\"headings-title \"><div class=\"mb70 mb-xs-40 text-center\"><h5  class=\"widgettitle\">Galerie<\/h5><\/div><\/div>[vc_column_text]<\/p>\n<div><ul class=\"masonry-flip masonry-flip-photoswipe flip-photoswipe-center effect-scale\" id=\"masonry-flip\"><li class=\"project flip-column-3\">\n\t\t    \t    \t\t\t\t\t<a href=\"https:\/\/dolphinexcursions.eu\/wp-content\/uploads\/2021\/03\/novalja-1.jpg\" data-size=\"1152x864\">\n\t\t\t\t\t\t\t\t\t\t\t<div class=\"image-box zoom-hover hover-meta text-center\">\n\t\t\t\t\t\t\t\t\t\t\t    <img src=\"https:\/\/dolphinexcursions.eu\/wp-content\/uploads\/2021\/03\/novalja-1.jpg\" alt=\"gallery-item\" \/>\n\t\t\t\t\t\t\t\t\t\t\t    <span class=\"overlay-default\"><\/span>\n\t\t\t\t\t\t\t\t\t\t\t    <div class=\"meta-caption\">\n\t\t\t\t\t\t\t\t\t\t\t    \t<h3 class=\"color-white to-top mb0 bold\"><\/h3>\n\t\t\t\t\t\t\t\t\t\t\t    \t<h4 class=\"color-white to-top-after\"><\/h4>\n\t\t\t\t\t\t\t\t\t\t\t    \t<i class=\"ti-search circled-icon to-top-after-after\"><\/i>\n\t\t\t\t\t\t\t\t\t\t\t    <\/div>\n\t\t\t\t\t\t\t\t\t\t\t<\/div>\n\t\t\t\t\t\t\t\t\t\t<\/a>\n\t\t\t\t\t\t\t\t\t\t<figcaption><\/figcaption>\n\t\t\t\t\t\t\t\t\t<\/li><li class=\"project flip-column-3\">\n\t\t    \t    \t\t\t\t\t<a href=\"https:\/\/dolphinexcursions.eu\/wp-content\/uploads\/2021\/03\/novalja-6.jpg\" data-size=\"1152x864\">\n\t\t\t\t\t\t\t\t\t\t\t<div class=\"image-box zoom-hover hover-meta text-center\">\n\t\t\t\t\t\t\t\t\t\t\t    <img src=\"https:\/\/dolphinexcursions.eu\/wp-content\/uploads\/2021\/03\/novalja-6.jpg\" alt=\"gallery-item\" \/>\n\t\t\t\t\t\t\t\t\t\t\t    <span class=\"overlay-default\"><\/span>\n\t\t\t\t\t\t\t\t\t\t\t    <div class=\"meta-caption\">\n\t\t\t\t\t\t\t\t\t\t\t    \t<h3 class=\"color-white to-top mb0 bold\"><\/h3>\n\t\t\t\t\t\t\t\t\t\t\t    \t<h4 class=\"color-white to-top-after\"><\/h4>\n\t\t\t\t\t\t\t\t\t\t\t    \t<i class=\"ti-search circled-icon to-top-after-after\"><\/i>\n\t\t\t\t\t\t\t\t\t\t\t    <\/div>\n\t\t\t\t\t\t\t\t\t\t\t<\/div>\n\t\t\t\t\t\t\t\t\t\t<\/a>\n\t\t\t\t\t\t\t\t\t\t<figcaption><\/figcaption>\n\t\t\t\t\t\t\t\t\t<\/li><li class=\"project flip-column-3\">\n\t\t    \t    \t\t\t\t\t<a href=\"https:\/\/dolphinexcursions.eu\/wp-content\/uploads\/2021\/03\/novalja-3.jpg\" data-size=\"1152x864\">\n\t\t\t\t\t\t\t\t\t\t\t<div class=\"image-box zoom-hover hover-meta text-center\">\n\t\t\t\t\t\t\t\t\t\t\t    <img src=\"https:\/\/dolphinexcursions.eu\/wp-content\/uploads\/2021\/03\/novalja-3.jpg\" alt=\"gallery-item\" \/>\n\t\t\t\t\t\t\t\t\t\t\t    <span class=\"overlay-default\"><\/span>\n\t\t\t\t\t\t\t\t\t\t\t    <div class=\"meta-caption\">\n\t\t\t\t\t\t\t\t\t\t\t    \t<h3 class=\"color-white to-top mb0 bold\"><\/h3>\n\t\t\t\t\t\t\t\t\t\t\t    \t<h4 class=\"color-white to-top-after\"><\/h4>\n\t\t\t\t\t\t\t\t\t\t\t    \t<i class=\"ti-search circled-icon to-top-after-after\"><\/i>\n\t\t\t\t\t\t\t\t\t\t\t    <\/div>\n\t\t\t\t\t\t\t\t\t\t\t<\/div>\n\t\t\t\t\t\t\t\t\t\t<\/a>\n\t\t\t\t\t\t\t\t\t\t<figcaption><\/figcaption>\n\t\t\t\t\t\t\t\t\t<\/li><li class=\"project flip-column-3\">\n\t\t    \t    \t\t\t\t\t<a href=\"https:\/\/dolphinexcursions.eu\/wp-content\/uploads\/2021\/03\/novalja-4.jpg\" data-size=\"1152x864\">\n\t\t\t\t\t\t\t\t\t\t\t<div class=\"image-box zoom-hover hover-meta text-center\">\n\t\t\t\t\t\t\t\t\t\t\t    <img src=\"https:\/\/dolphinexcursions.eu\/wp-content\/uploads\/2021\/03\/novalja-4.jpg\" alt=\"gallery-item\" \/>\n\t\t\t\t\t\t\t\t\t\t\t    <span class=\"overlay-default\"><\/span>\n\t\t\t\t\t\t\t\t\t\t\t    <div class=\"meta-caption\">\n\t\t\t\t\t\t\t\t\t\t\t    \t<h3 class=\"color-white to-top mb0 bold\"><\/h3>\n\t\t\t\t\t\t\t\t\t\t\t    \t<h4 class=\"color-white to-top-after\"><\/h4>\n\t\t\t\t\t\t\t\t\t\t\t    \t<i class=\"ti-search circled-icon to-top-after-after\"><\/i>\n\t\t\t\t\t\t\t\t\t\t\t    <\/div>\n\t\t\t\t\t\t\t\t\t\t\t<\/div>\n\t\t\t\t\t\t\t\t\t\t<\/a>\n\t\t\t\t\t\t\t\t\t\t<figcaption><\/figcaption>\n\t\t\t\t\t\t\t\t\t<\/li><li class=\"project flip-column-3\">\n\t\t    \t    \t\t\t\t\t<a href=\"https:\/\/dolphinexcursions.eu\/wp-content\/uploads\/2021\/03\/novalja-5.jpg\" data-size=\"1152x864\">\n\t\t\t\t\t\t\t\t\t\t\t<div class=\"image-box zoom-hover hover-meta text-center\">\n\t\t\t\t\t\t\t\t\t\t\t    <img src=\"https:\/\/dolphinexcursions.eu\/wp-content\/uploads\/2021\/03\/novalja-5.jpg\" alt=\"gallery-item\" \/>\n\t\t\t\t\t\t\t\t\t\t\t    <span class=\"overlay-default\"><\/span>\n\t\t\t\t\t\t\t\t\t\t\t    <div class=\"meta-caption\">\n\t\t\t\t\t\t\t\t\t\t\t    \t<h3 class=\"color-white to-top mb0 bold\"><\/h3>\n\t\t\t\t\t\t\t\t\t\t\t    \t<h4 class=\"color-white to-top-after\"><\/h4>\n\t\t\t\t\t\t\t\t\t\t\t    \t<i class=\"ti-search circled-icon to-top-after-after\"><\/i>\n\t\t\t\t\t\t\t\t\t\t\t    <\/div>\n\t\t\t\t\t\t\t\t\t\t\t<\/div>\n\t\t\t\t\t\t\t\t\t\t<\/a>\n\t\t\t\t\t\t\t\t\t\t<figcaption><\/figcaption>\n\t\t\t\t\t\t\t\t\t<\/li><li class=\"project flip-column-3\">\n\t\t    \t    \t\t\t\t\t<a href=\"https:\/\/dolphinexcursions.eu\/wp-content\/uploads\/2021\/03\/novalja-2.jpg\" data-size=\"1152x864\">\n\t\t\t\t\t\t\t\t\t\t\t<div class=\"image-box zoom-hover hover-meta text-center\">\n\t\t\t\t\t\t\t\t\t\t\t    <img src=\"https:\/\/dolphinexcursions.eu\/wp-content\/uploads\/2021\/03\/novalja-2.jpg\" alt=\"gallery-item\" \/>\n\t\t\t\t\t\t\t\t\t\t\t    <span class=\"overlay-default\"><\/span>\n\t\t\t\t\t\t\t\t\t\t\t    <div class=\"meta-caption\">\n\t\t\t\t\t\t\t\t\t\t\t    \t<h3 class=\"color-white to-top mb0 bold\"><\/h3>\n\t\t\t\t\t\t\t\t\t\t\t    \t<h4 class=\"color-white to-top-after\"><\/h4>\n\t\t\t\t\t\t\t\t\t\t\t    \t<i class=\"ti-search circled-icon to-top-after-after\"><\/i>\n\t\t\t\t\t\t\t\t\t\t\t    <\/div>\n\t\t\t\t\t\t\t\t\t\t\t<\/div>\n\t\t\t\t\t\t\t\t\t\t<\/a>\n\t\t\t\t\t\t\t\t\t\t<figcaption><\/figcaption>\n\t\t\t\t\t\t\t\t\t<\/li><\/ul><\/div>\n<p>[\/vc_column_text][\/vc_column][\/vc_row]<\/p>\n","protected":false},"excerpt":{"rendered":"<p>[vc_row el_id=&#8220;main&#8220;][vc_column][\/vc_column][\/vc_row][vc_row][vc_column][vc_column_text] [\/vc_column_text][\/vc_column][\/vc_row]<\/p>\n","protected":false},"author":2,"featured_media":8907,"parent":0,"menu_order":0,"comment_status":"closed","ping_status":"closed","template":"","meta":[],"yoast_head":"<!-- This site is optimized with the Yoast SEO plugin v19.9 - https:\/\/yoast.com\/wordpress\/plugins\/seo\/ -->\n<title>Dobrodru\u017estv\u00ed | Panoramatick\u00fd ve\u010dern\u00ed v\u00fdlet.| V\u00fdlet za delf\u00edny Novalja<\/title>\n<meta name=\"description\" content=\"V t\u00e9to kr\u00e1tk\u00e9, ale vzru\u0161uj\u00edc\u00ed dobrodru\u017en\u00e9 akci m\u00e1me velkou \u0161anci vid\u011bt delf\u00edny. S vynikaj\u00edc\u00ed ve\u010de\u0159\u00ed na palub\u011b bude z\u00e1\u017eitek z t\u00e9to dobrodru\u017en\u00e9 cesty je\u0161t\u011b v\u011bt\u0161\u00ed. Tuto exkurzi po\u0159\u00e1d\u00e1me od pond\u011bl\u00ed do \u010dtvrtka od 18:30 do 21:30 hodin.\" \/>\n<meta name=\"robots\" content=\"index, follow, max-snippet:-1, max-image-preview:large, max-video-preview:-1\" \/>\n<link rel=\"canonical\" href=\"https:\/\/dolphinexcursions.eu\/cs\/novalja\/\" \/>\n<meta property=\"og:locale\" content=\"cs_CZ\" \/>\n<meta property=\"og:type\" content=\"article\" \/>\n<meta property=\"og:title\" content=\"Dobrodru\u017estv\u00ed | Panoramatick\u00fd ve\u010dern\u00ed v\u00fdlet.| V\u00fdlet za delf\u00edny Novalja\" \/>\n<meta property=\"og:description\" content=\"V t\u00e9to kr\u00e1tk\u00e9, ale vzru\u0161uj\u00edc\u00ed dobrodru\u017en\u00e9 akci m\u00e1me velkou \u0161anci vid\u011bt delf\u00edny. S vynikaj\u00edc\u00ed ve\u010de\u0159\u00ed na palub\u011b bude z\u00e1\u017eitek z t\u00e9to dobrodru\u017en\u00e9 cesty je\u0161t\u011b v\u011bt\u0161\u00ed. Tuto exkurzi po\u0159\u00e1d\u00e1me od pond\u011bl\u00ed do \u010dtvrtka od 18:30 do 21:30 hodin.\" \/>\n<meta property=\"og:url\" content=\"https:\/\/dolphinexcursions.eu\/cs\/novalja\/\" \/>\n<meta property=\"og:site_name\" content=\"Dolphin Excursions Novalja\" \/>\n<meta property=\"article:modified_time\" content=\"2024-06-25T13:36:20+00:00\" \/>\n<meta property=\"og:image\" content=\"https:\/\/dolphinexcursions.eu\/wp-content\/uploads\/2021\/02\/kontakt-featured.jpg\" \/>\n\t<meta property=\"og:image:width\" content=\"1920\" \/>\n\t<meta property=\"og:image:height\" content=\"1278\" \/>\n\t<meta property=\"og:image:type\" content=\"image\/jpeg\" \/>\n<meta name=\"twitter:card\" content=\"summary_large_image\" \/>\n<meta name=\"twitter:label1\" content=\"Odhadovan\u00e1 doba \u010dten\u00ed\" \/>\n\t<meta name=\"twitter:data1\" content=\"1 minuta\" \/>\n<script type=\"application\/ld+json\" class=\"yoast-schema-graph\">{\"@context\":\"https:\/\/schema.org\",\"@graph\":[{\"@type\":\"WebPage\",\"@id\":\"https:\/\/dolphinexcursions.eu\/cs\/novalja\/\",\"url\":\"https:\/\/dolphinexcursions.eu\/cs\/novalja\/\",\"name\":\"Dobrodru\u017estv\u00ed | Panoramatick\u00fd ve\u010dern\u00ed v\u00fdlet.| V\u00fdlet za delf\u00edny Novalja\",\"isPartOf\":{\"@id\":\"https:\/\/dolphinexcursions.eu\/cs\/#website\"},\"datePublished\":\"2021-03-03T10:53:12+00:00\",\"dateModified\":\"2024-06-25T13:36:20+00:00\",\"description\":\"V t\u00e9to kr\u00e1tk\u00e9, ale vzru\u0161uj\u00edc\u00ed dobrodru\u017en\u00e9 akci m\u00e1me velkou \u0161anci vid\u011bt delf\u00edny. S vynikaj\u00edc\u00ed ve\u010de\u0159\u00ed na palub\u011b bude z\u00e1\u017eitek z t\u00e9to dobrodru\u017en\u00e9 cesty je\u0161t\u011b v\u011bt\u0161\u00ed. Tuto exkurzi po\u0159\u00e1d\u00e1me od pond\u011bl\u00ed do \u010dtvrtka od 18:30 do 21:30 hodin.\",\"breadcrumb\":{\"@id\":\"https:\/\/dolphinexcursions.eu\/cs\/novalja\/#breadcrumb\"},\"inLanguage\":\"cs\",\"potentialAction\":[{\"@type\":\"ReadAction\",\"target\":[\"https:\/\/dolphinexcursions.eu\/cs\/novalja\/\"]}]},{\"@type\":\"BreadcrumbList\",\"@id\":\"https:\/\/dolphinexcursions.eu\/cs\/novalja\/#breadcrumb\",\"itemListElement\":[{\"@type\":\"ListItem\",\"position\":1,\"name\":\"Home\",\"item\":\"https:\/\/dolphinexcursions.eu\/cs\/\"},{\"@type\":\"ListItem\",\"position\":2,\"name\":\"Panoramatick\u00fd ve\u010dern\u00ed v\u00fdlet.\"}]},{\"@type\":\"WebSite\",\"@id\":\"https:\/\/dolphinexcursions.eu\/cs\/#website\",\"url\":\"https:\/\/dolphinexcursions.eu\/cs\/\",\"name\":\"Dolphin Excursions Novalja\",\"description\":\"Izleti brodom Olib, Silba, Ilovik, Lo\u0161inj\",\"potentialAction\":[{\"@type\":\"SearchAction\",\"target\":{\"@type\":\"EntryPoint\",\"urlTemplate\":\"https:\/\/dolphinexcursions.eu\/cs\/?s={search_term_string}\"},\"query-input\":\"required name=search_term_string\"}],\"inLanguage\":\"cs\"}]}<\/script>\n<!-- \/ Yoast SEO plugin. -->","yoast_head_json":{"title":"Dobrodru\u017estv\u00ed | Panoramatick\u00fd ve\u010dern\u00ed v\u00fdlet.| V\u00fdlet za delf\u00edny Novalja","description":"V t\u00e9to kr\u00e1tk\u00e9, ale vzru\u0161uj\u00edc\u00ed dobrodru\u017en\u00e9 akci m\u00e1me velkou \u0161anci vid\u011bt delf\u00edny. S vynikaj\u00edc\u00ed ve\u010de\u0159\u00ed na palub\u011b bude z\u00e1\u017eitek z t\u00e9to dobrodru\u017en\u00e9 cesty je\u0161t\u011b v\u011bt\u0161\u00ed. Tuto exkurzi po\u0159\u00e1d\u00e1me od pond\u011bl\u00ed do \u010dtvrtka od 18:30 do 21:30 hodin.","robots":{"index":"index","follow":"follow","max-snippet":"max-snippet:-1","max-image-preview":"max-image-preview:large","max-video-preview":"max-video-preview:-1"},"canonical":"https:\/\/dolphinexcursions.eu\/cs\/novalja\/","og_locale":"cs_CZ","og_type":"article","og_title":"Dobrodru\u017estv\u00ed | Panoramatick\u00fd ve\u010dern\u00ed v\u00fdlet.| V\u00fdlet za delf\u00edny Novalja","og_description":"V t\u00e9to kr\u00e1tk\u00e9, ale vzru\u0161uj\u00edc\u00ed dobrodru\u017en\u00e9 akci m\u00e1me velkou \u0161anci vid\u011bt delf\u00edny. S vynikaj\u00edc\u00ed ve\u010de\u0159\u00ed na palub\u011b bude z\u00e1\u017eitek z t\u00e9to dobrodru\u017en\u00e9 cesty je\u0161t\u011b v\u011bt\u0161\u00ed. Tuto exkurzi po\u0159\u00e1d\u00e1me od pond\u011bl\u00ed do \u010dtvrtka od 18:30 do 21:30 hodin.","og_url":"https:\/\/dolphinexcursions.eu\/cs\/novalja\/","og_site_name":"Dolphin Excursions Novalja","article_modified_time":"2024-06-25T13:36:20+00:00","og_image":[{"width":1920,"height":1278,"url":"https:\/\/dolphinexcursions.eu\/wp-content\/uploads\/2021\/02\/kontakt-featured.jpg","type":"image\/jpeg"}],"twitter_card":"summary_large_image","twitter_misc":{"Odhadovan\u00e1 doba \u010dten\u00ed":"1 minuta"},"schema":{"@context":"https:\/\/schema.org","@graph":[{"@type":"WebPage","@id":"https:\/\/dolphinexcursions.eu\/cs\/novalja\/","url":"https:\/\/dolphinexcursions.eu\/cs\/novalja\/","name":"Dobrodru\u017estv\u00ed | Panoramatick\u00fd ve\u010dern\u00ed v\u00fdlet.| V\u00fdlet za delf\u00edny Novalja","isPartOf":{"@id":"https:\/\/dolphinexcursions.eu\/cs\/#website"},"datePublished":"2021-03-03T10:53:12+00:00","dateModified":"2024-06-25T13:36:20+00:00","description":"V t\u00e9to kr\u00e1tk\u00e9, ale vzru\u0161uj\u00edc\u00ed dobrodru\u017en\u00e9 akci m\u00e1me velkou \u0161anci vid\u011bt delf\u00edny. S vynikaj\u00edc\u00ed ve\u010de\u0159\u00ed na palub\u011b bude z\u00e1\u017eitek z t\u00e9to dobrodru\u017en\u00e9 cesty je\u0161t\u011b v\u011bt\u0161\u00ed. Tuto exkurzi po\u0159\u00e1d\u00e1me od pond\u011bl\u00ed do \u010dtvrtka od 18:30 do 21:30 hodin.","breadcrumb":{"@id":"https:\/\/dolphinexcursions.eu\/cs\/novalja\/#breadcrumb"},"inLanguage":"cs","potentialAction":[{"@type":"ReadAction","target":["https:\/\/dolphinexcursions.eu\/cs\/novalja\/"]}]},{"@type":"BreadcrumbList","@id":"https:\/\/dolphinexcursions.eu\/cs\/novalja\/#breadcrumb","itemListElement":[{"@type":"ListItem","position":1,"name":"Home","item":"https:\/\/dolphinexcursions.eu\/cs\/"},{"@type":"ListItem","position":2,"name":"Panoramatick\u00fd ve\u010dern\u00ed v\u00fdlet."}]},{"@type":"WebSite","@id":"https:\/\/dolphinexcursions.eu\/cs\/#website","url":"https:\/\/dolphinexcursions.eu\/cs\/","name":"Dolphin Excursions Novalja","description":"Izleti brodom Olib, Silba, Ilovik, Lo\u0161inj","potentialAction":[{"@type":"SearchAction","target":{"@type":"EntryPoint","urlTemplate":"https:\/\/dolphinexcursions.eu\/cs\/?s={search_term_string}"},"query-input":"required name=search_term_string"}],"inLanguage":"cs"}]}},"_links":{"self":[{"href":"https:\/\/dolphinexcursions.eu\/cs\/wp-json\/wp\/v2\/pages\/9283"}],"collection":[{"href":"https:\/\/dolphinexcursions.eu\/cs\/wp-json\/wp\/v2\/pages"}],"about":[{"href":"https:\/\/dolphinexcursions.eu\/cs\/wp-json\/wp\/v2\/types\/page"}],"author":[{"embeddable":true,"href":"https:\/\/dolphinexcursions.eu\/cs\/wp-json\/wp\/v2\/users\/2"}],"replies":[{"embeddable":true,"href":"https:\/\/dolphinexcursions.eu\/cs\/wp-json\/wp\/v2\/comments?post=9283"}],"version-history":[{"count":19,"href":"https:\/\/dolphinexcursions.eu\/cs\/wp-json\/wp\/v2\/pages\/9283\/revisions"}],"predecessor-version":[{"id":11088,"href":"https:\/\/dolphinexcursions.eu\/cs\/wp-json\/wp\/v2\/pages\/9283\/revisions\/11088"}],"wp:featuredmedia":[{"embeddable":true,"href":"https:\/\/dolphinexcursions.eu\/cs\/wp-json\/wp\/v2\/media\/8907"}],"wp:attachment":[{"href":"https:\/\/dolphinexcursions.eu\/cs\/wp-json\/wp\/v2\/media?parent=9283"}],"curies":[{"name":"wp","href":"https:\/\/api.w.org\/{rel}","templated":true}]}}